{"id":1014,"date":"2024-10-30T15:07:17","date_gmt":"2024-10-30T13:07:17","guid":{"rendered":"https:\/\/constantinof.ro\/?page_id=1014"},"modified":"2024-11-15T12:32:55","modified_gmt":"2024-11-15T10:32:55","slug":"bogdan-giugiuca","status":"publish","type":"page","link":"https:\/\/constantinof.ro\/en\/echipa\/bogdan-giugiuca\/","title":{"rendered":"Bogdan Giugiuc\u0103"},"content":{"rendered":"<div data-elementor-type=\"wp-page\" data-elementor-id=\"1014\" class=\"elementor elementor-1014\" data-elementor-post-type=\"page\">\n\t\t\t\t\t\t<section class=\"elementor-section elementor-top-section elementor-element elementor-element-ff734ee elementor-reverse-tablet elementor-reverse-mobile elementor-section-boxed elementor-section-height-default elementor-section-height-default wpr-particle-no wpr-jarallax-no wpr-parallax-no wpr-sticky-section-no\" data-id=\"ff734ee\" data-element_type=\"section\" data-e-type=\"section\" data-settings=\"{&quot;background_background&quot;:&quot;classic&quot;}\">\n\t\t\t\t\t\t\t<div class=\"elementor-background-overlay\"><\/div>\n\t\t\t\t\t\t\t<div class=\"elementor-container elementor-column-gap-no\">\n\t\t\t\t\t<div class=\"elementor-column elementor-col-50 elementor-top-column elementor-element elementor-element-dbb7f6f\" data-id=\"dbb7f6f\" data-element_type=\"column\" data-e-type=\"column\" data-settings=\"{&quot;background_background&quot;:&quot;classic&quot;}\">\n\t\t\t<div class=\"elementor-widget-wrap elementor-element-populated\">\n\t\t\t\t\t<div class=\"elementor-background-overlay\"><\/div>\n\t\t\t\t\t\t<div class=\"elementor-element elementor-element-f5d633a elementor-widget elementor-widget-heading\" data-id=\"f5d633a\" data-element_type=\"widget\" data-e-type=\"widget\" data-widget_type=\"heading.default\">\n\t\t\t\t\t<h4 class=\"elementor-heading-title elementor-size-default\">Bogdan Giugiuc\u0103<\/h4>\t\t\t\t<\/div>\n\t\t\t\t<div class=\"elementor-element elementor-element-46a716d elementor-widget elementor-widget-text-editor\" data-id=\"46a716d\" data-element_type=\"widget\" data-e-type=\"widget\" data-widget_type=\"text-editor.default\">\n\t\t\t\t\t\t\t\t\t<p><span style=\"font-weight: 400;\">Partner<\/span><\/p>\t\t\t\t\t\t\t\t<\/div>\n\t\t\t\t<div class=\"elementor-element elementor-element-54e4f5c elementor-tablet-align-start elementor-mobile-align-start elementor-align-start elementor-icon-list--layout-traditional elementor-list-item-link-full_width elementor-widget elementor-widget-icon-list\" data-id=\"54e4f5c\" data-element_type=\"widget\" data-e-type=\"widget\" data-widget_type=\"icon-list.default\">\n\t\t\t\t\t\t\t<ul class=\"elementor-icon-list-items\">\n\t\t\t\t\t\t\t<li class=\"elementor-icon-list-item\">\n\t\t\t\t\t\t\t\t\t\t\t<span class=\"elementor-icon-list-icon\">\n\t\t\t\t\t\t\t<svg aria-hidden=\"true\" class=\"e-font-icon-svg e-fas-cube\" viewbox=\"0 0 512 512\" xmlns=\"http:\/\/www.w3.org\/2000\/svg\"><path d=\"M239.1 6.3l-208 78c-18.7 7-31.1 25-31.1 45v225.1c0 18.2 10.3 34.8 26.5 42.9l208 104c13.5 6.8 29.4 6.8 42.9 0l208-104c16.3-8.1 26.5-24.8 26.5-42.9V129.3c0-20-12.4-37.9-31.1-44.9l-208-78C262 2.2 250 2.2 239.1 6.3zM256 68.4l192 72v1.1l-192 78-192-78v-1.1l192-72zm32 356V275.5l160-65v133.9l-160 80z\"><\/path><\/svg>\t\t\t\t\t\t<\/span>\n\t\t\t\t\t\t\t\t\t\t<span class=\"elementor-icon-list-text\">bogdan.giugiuca@constantinof.ro<\/span>\n\t\t\t\t\t\t\t\t\t<\/li>\n\t\t\t\t\t\t<\/ul>\n\t\t\t\t\t\t<\/div>\n\t\t\t\t<div class=\"elementor-element elementor-element-dcbcf39 elementor-widget elementor-widget-text-editor\" data-id=\"dcbcf39\" data-element_type=\"widget\" data-e-type=\"widget\" data-widget_type=\"text-editor.default\">\n\t\t\t\t\t\t\t\t\t<p><span style=\"font-weight: 400;\">Bogdan Giugiuc\u0103 is a partner with our Law Firm.\u00a0<\/span><\/p><p><span style=\"font-weight: 400;\">Bogdan has a rich experience, mainly in the field of civil, commercial, administrative and fiscal litigation, real estate, but also in the field of competition, consumer law and environmental protection, providing legal advice and representation before Romanian court of law or arbitration for domestic and international clients.<\/span><\/p><p><span style=\"font-weight: 400;\">He is also involved in the successful settlement of important projects concerning gaining compensations or in-kind restitution for immovables seized by State during the communist period, respectively in expropriation procedures, but also in debt recovery, insolvency and restructuring of our clients\u2019 activity.<\/span><\/p><p><span style=\"font-weight: 400;\">His professional training and the vast experience in the area of \u200b\u200b dispute resolution, as well as being familiar with the techniques of prevention of disputes offer Bogdan Giugiuc\u0103 a solid basis to provide solutions adapted to our clients\u2019 needs, even outside courts.<\/span><\/p><p><span style=\"font-weight: 400;\">Bogdan graduated from the Faculty of Law, University of Bucharest in 2002 and is member of the Bucharest Bar and of the Romanian Bar Association.<\/span><\/p><p><span style=\"font-weight: 400;\">Speaks English fluently.<\/span><\/p>\t\t\t\t\t\t\t\t<\/div>\n\t\t\t\t\t<\/div>\n\t\t<\/div>\n\t\t\t\t<div class=\"elementor-column elementor-col-50 elementor-top-column elementor-element elementor-element-ff0d5ee\" data-id=\"ff0d5ee\" data-element_type=\"column\" data-e-type=\"column\" data-settings=\"{&quot;background_background&quot;:&quot;classic&quot;}\">\n\t\t\t<div class=\"elementor-widget-wrap elementor-element-populated\">\n\t\t\t\t\t\t<div class=\"elementor-element elementor-element-862fb74 elementor-invisible elementor-widget elementor-widget-spacer\" data-id=\"862fb74\" data-element_type=\"widget\" data-e-type=\"widget\" data-settings=\"{&quot;_animation&quot;:&quot;fadeIn&quot;}\" data-widget_type=\"spacer.default\">\n\t\t\t\t\t\t\t<div class=\"elementor-spacer\">\n\t\t\t<div class=\"elementor-spacer-inner\"><\/div>\n\t\t<\/div>\n\t\t\t\t\t\t<\/div>\n\t\t\t\t\t<\/div>\n\t\t<\/div>\n\t\t\t\t\t<\/div>\n\t\t<\/section>\n\t\t\t\t<\/div>","protected":false},"excerpt":{"rendered":"<p>Bogdan Giugiuc\u0103 Partner bogdan.giugiuca@constantinof.ro Bogdan Giugiuc\u0103 este avocat partener \u00een cadrul echipei noastre.\u00a0 Bogdan are o bogat\u0103 experien\u021b\u0103, \u00een principal, \u00een domeniul litigiilor civile, comerciale, administrativ-fiscale, al dezvolt\u0103rilor imobiliare \u0219i urbanismului, dar \u0219i din domeniul concuren\u021bei, al protec\u021biei consumatorilor \u0219i al protec\u021biei mediului \u00eenconjur\u0103tor, acord\u00e2nd asisten\u021b\u0103 juridic\u0103 \u0219i reprezentare \u00een instan\u021bele \u0219i cur\u021bile de arbitraj din Rom\u00e2nia, pentru clien\u021bi locali \u0219i interna\u021bionali. Este, de asemenea, implicat \u00een solu\u021bionarea cu succes a unor proiecte importante privind acordarea m\u0103surilor reparatorii sau restituirea \u00een natur\u0103 a imobilelor confiscate de Stat \u00een perioada comunist\u0103, respectiv \u00een proceduri de expropriere, dar \u0219i \u00een proceduri de recuperare a crean\u021belor, de insolven\u021b\u0103 \u0219i reorganizare a activit\u0103\u021bii clien\u021bilor no\u0219tri. Preg\u0103tirea profesional\u0103 \u0219i experien\u021ba vast\u0103 \u00een zona litigiilor \u0219i familiarizarea cu procesele \u0219i tehnicile de prevenire a litigiilor \u00eei ofer\u0103 lui Bogdan Giugiuc\u0103 o baza solid\u0103 pentru a putea oferi clien\u021bilor no\u0219tri solu\u021bii adaptate nevoilor acestora, chiar \u0219i \u00een afara instan\u021belor. Bogdan a absolvit Facultatea de Drept, Universitatea din Bucure\u0219ti, \u00een anul 2002 \u0219i este membru a Baroului din Bucure\u0219ti \u0219i a Uniunii Na\u021bionale a Barourilor din Rom\u00e2nia. Vorbe\u0219te fluent englez\u0103.<\/p>","protected":false},"author":1,"featured_media":0,"parent":973,"menu_order":1,"comment_status":"closed","ping_status":"closed","template":"","meta":{"footnotes":""},"class_list":["post-1014","page","type-page","status-publish","hentry"],"_links":{"self":[{"href":"https:\/\/constantinof.ro\/en\/wp-json\/wp\/v2\/pages\/1014","targetHints":{"allow":["GET"]}}],"collection":[{"href":"https:\/\/constantinof.ro\/en\/wp-json\/wp\/v2\/pages"}],"about":[{"href":"https:\/\/constantinof.ro\/en\/wp-json\/wp\/v2\/types\/page"}],"author":[{"embeddable":true,"href":"https:\/\/constantinof.ro\/en\/wp-json\/wp\/v2\/users\/1"}],"replies":[{"embeddable":true,"href":"https:\/\/constantinof.ro\/en\/wp-json\/wp\/v2\/comments?post=1014"}],"version-history":[{"count":19,"href":"https:\/\/constantinof.ro\/en\/wp-json\/wp\/v2\/pages\/1014\/revisions"}],"predecessor-version":[{"id":1550,"href":"https:\/\/constantinof.ro\/en\/wp-json\/wp\/v2\/pages\/1014\/revisions\/1550"}],"up":[{"embeddable":true,"href":"https:\/\/constantinof.ro\/en\/wp-json\/wp\/v2\/pages\/973"}],"wp:attachment":[{"href":"https:\/\/constantinof.ro\/en\/wp-json\/wp\/v2\/media?parent=1014"}],"curies":[{"name":"wp","href":"https:\/\/api.w.org\/{rel}","templated":true}]}}