{"id":1025,"date":"2024-10-30T15:38:08","date_gmt":"2024-10-30T13:38:08","guid":{"rendered":"https:\/\/constantinof.ro\/?page_id=1025"},"modified":"2024-11-15T12:37:19","modified_gmt":"2024-11-15T10:37:19","slug":"carmen-hubert","status":"publish","type":"page","link":"https:\/\/constantinof.ro\/en\/echipa\/carmen-hubert\/","title":{"rendered":"Carmen Hubert"},"content":{"rendered":"<div data-elementor-type=\"wp-page\" data-elementor-id=\"1025\" class=\"elementor elementor-1025\" data-elementor-post-type=\"page\">\n\t\t\t\t\t\t<section class=\"elementor-section elementor-top-section elementor-element elementor-element-e6de414 elementor-section-boxed elementor-section-height-default elementor-section-height-default wpr-particle-no wpr-jarallax-no wpr-parallax-no wpr-sticky-section-no\" data-id=\"e6de414\" data-element_type=\"section\" data-e-type=\"section\" data-settings=\"{&quot;background_background&quot;:&quot;classic&quot;}\">\n\t\t\t\t\t\t\t<div class=\"elementor-background-overlay\"><\/div>\n\t\t\t\t\t\t\t<div class=\"elementor-container elementor-column-gap-no\">\n\t\t\t\t\t<div class=\"elementor-column elementor-col-100 elementor-top-column elementor-element elementor-element-730f892\" data-id=\"730f892\" data-element_type=\"column\" data-e-type=\"column\">\n\t\t\t<div class=\"elementor-widget-wrap elementor-element-populated\">\n\t\t\t\t\t\t<section class=\"elementor-section elementor-inner-section elementor-element elementor-element-b998e29 elementor-section-full_width elementor-reverse-tablet elementor-reverse-mobile elementor-section-height-default elementor-section-height-default wpr-particle-no wpr-jarallax-no wpr-parallax-no wpr-sticky-section-no\" data-id=\"b998e29\" data-element_type=\"section\" data-e-type=\"section\">\n\t\t\t\t\t\t<div class=\"elementor-container elementor-column-gap-default\">\n\t\t\t\t\t<div class=\"elementor-column elementor-col-50 elementor-inner-column elementor-element elementor-element-87c3f51\" data-id=\"87c3f51\" data-element_type=\"column\" data-e-type=\"column\" data-settings=\"{&quot;background_background&quot;:&quot;classic&quot;}\">\n\t\t\t<div class=\"elementor-widget-wrap elementor-element-populated\">\n\t\t\t\t\t<div class=\"elementor-background-overlay\"><\/div>\n\t\t\t\t\t\t<div class=\"elementor-element elementor-element-0241641 elementor-widget elementor-widget-heading\" data-id=\"0241641\" data-element_type=\"widget\" data-e-type=\"widget\" data-widget_type=\"heading.default\">\n\t\t\t\t\t<h4 class=\"elementor-heading-title elementor-size-default\">Carmen Hubert<\/h4>\t\t\t\t<\/div>\n\t\t\t\t<div class=\"elementor-element elementor-element-4f66fb7 elementor-widget elementor-widget-text-editor\" data-id=\"4f66fb7\" data-element_type=\"widget\" data-e-type=\"widget\" data-widget_type=\"text-editor.default\">\n\t\t\t\t\t\t\t\t\t<p><span style=\"font-weight: 400;\">Partner<\/span><\/p>\t\t\t\t\t\t\t\t<\/div>\n\t\t\t\t<div class=\"elementor-element elementor-element-4aa1d83 elementor-tablet-align-start elementor-mobile-align-start elementor-align-start elementor-icon-list--layout-traditional elementor-list-item-link-full_width elementor-widget elementor-widget-icon-list\" data-id=\"4aa1d83\" data-element_type=\"widget\" data-e-type=\"widget\" data-widget_type=\"icon-list.default\">\n\t\t\t\t\t\t\t<ul class=\"elementor-icon-list-items\">\n\t\t\t\t\t\t\t<li class=\"elementor-icon-list-item\">\n\t\t\t\t\t\t\t\t\t\t\t<span class=\"elementor-icon-list-icon\">\n\t\t\t\t\t\t\t<svg aria-hidden=\"true\" class=\"e-font-icon-svg e-fas-cube\" viewbox=\"0 0 512 512\" xmlns=\"http:\/\/www.w3.org\/2000\/svg\"><path d=\"M239.1 6.3l-208 78c-18.7 7-31.1 25-31.1 45v225.1c0 18.2 10.3 34.8 26.5 42.9l208 104c13.5 6.8 29.4 6.8 42.9 0l208-104c16.3-8.1 26.5-24.8 26.5-42.9V129.3c0-20-12.4-37.9-31.1-44.9l-208-78C262 2.2 250 2.2 239.1 6.3zM256 68.4l192 72v1.1l-192 78-192-78v-1.1l192-72zm32 356V275.5l160-65v133.9l-160 80z\"><\/path><\/svg>\t\t\t\t\t\t<\/span>\n\t\t\t\t\t\t\t\t\t\t<span class=\"elementor-icon-list-text\">carmen.hubert@constantinof.ro<\/span>\n\t\t\t\t\t\t\t\t\t<\/li>\n\t\t\t\t\t\t<\/ul>\n\t\t\t\t\t\t<\/div>\n\t\t\t\t<div class=\"elementor-element elementor-element-362e355 elementor-widget elementor-widget-text-editor\" data-id=\"362e355\" data-element_type=\"widget\" data-e-type=\"widget\" data-widget_type=\"text-editor.default\">\n\t\t\t\t\t\t\t\t\t<p><span style=\"font-weight: 400;\">Carmen Hubert is a partner with our Law Firm.\u00a0<\/span><\/p><p><span style=\"font-weight: 400;\">Carmen has an extensive experience and solid professional training, successfully advising both first-ranked local or international operators and authorities. The thorough approach, from a multidisciplinary view, of each and every legal issue she deals with, is the main reason why the clients appreciate to such a great extent their cooperation with her, also as advisor on day-to-day operations.<\/span><\/p><p><span style=\"font-weight: 400;\">She successfully contributed to closing important national or international deals in various fields, adapting with dedication to the specialization needs required by the client's domain of activity, regardless of whether we are talking, for example, about the automotive industry, civil or military aeronautics, engineering and constructions, gambling or franchising of renowned international brands of goods and services.\u00a0<\/span><\/p><p><span style=\"font-weight: 400;\">Carmen has relevant expertise in the employment area of practice where she has been involved in projects including personnel restructuring, transfer of businesses, negotiation of collective bargaining agreements, drafting internal regulations and policies.<\/span><\/p>\t\t\t\t\t\t\t\t<\/div>\n\t\t\t\t\t<\/div>\n\t\t<\/div>\n\t\t\t\t<div class=\"elementor-column elementor-col-50 elementor-inner-column elementor-element elementor-element-70e4882\" data-id=\"70e4882\" data-element_type=\"column\" data-e-type=\"column\" data-settings=\"{&quot;background_background&quot;:&quot;classic&quot;}\">\n\t\t\t<div class=\"elementor-widget-wrap elementor-element-populated\">\n\t\t\t\t\t\t<div class=\"elementor-element elementor-element-dfe99f5 elementor-invisible elementor-widget elementor-widget-spacer\" data-id=\"dfe99f5\" data-element_type=\"widget\" data-e-type=\"widget\" data-settings=\"{&quot;_animation&quot;:&quot;fadeIn&quot;}\" data-widget_type=\"spacer.default\">\n\t\t\t\t\t\t\t<div class=\"elementor-spacer\">\n\t\t\t<div class=\"elementor-spacer-inner\"><\/div>\n\t\t<\/div>\n\t\t\t\t\t\t<\/div>\n\t\t\t\t\t<\/div>\n\t\t<\/div>\n\t\t\t\t\t<\/div>\n\t\t<\/section>\n\t\t\t\t<div class=\"elementor-element elementor-element-5525e3a elementor-widget elementor-widget-text-editor\" data-id=\"5525e3a\" data-element_type=\"widget\" data-e-type=\"widget\" data-widget_type=\"text-editor.default\">\n\t\t\t\t\t\t\t\t\t<p><span style=\"font-weight: 400;\">Also, she gained proficiency in data protection issues advising clients on legal compliance relating to data protection regulations and the protection of personal privacy. She is involved in compliance projects, data security and response procedures in case of data security breaches.<\/span><\/p><p><span style=\"font-weight: 400;\">Carmen graduated from the Faculty of Law, University of Bucharest in 2000 and is member of the Bucharest Bar and of the Romanian Bar Association.<\/span><\/p><p><span style=\"font-weight: 400;\">Speaks English fluently.<\/span><\/p>\t\t\t\t\t\t\t\t<\/div>\n\t\t\t\t\t<\/div>\n\t\t<\/div>\n\t\t\t\t\t<\/div>\n\t\t<\/section>\n\t\t\t\t<\/div>","protected":false},"excerpt":{"rendered":"<p>Carmen Hubert Partner carmen.hubert@constantinof.ro Carmen Hubert este avocat partener \u00een cadrul echipei noastre.\u00a0 Carmen are o vast\u0103 experien\u021b\u0103 \u0219i o preg\u0103tire profesional\u0103 solid\u0103, consiliind cu succes at\u00e2t importan\u021bi clien\u021bi locali sau interna\u021bionali, c\u00e2t \u0219i autorit\u0103\u021bi. Abordarea aprofundat\u0103, dintr-o perspectiv\u0103 multidisciplinar\u0103, a tuturor problemelor juridice supuse aten\u021biei sale, este principalul motiv pentru care clien\u021bii apreciaz\u0103 \u00eentr-o m\u0103sur\u0103 at\u00e2t de mare cooperarea cu ea, inclusiv \u00een calitate de consilier \u00een opera\u021biunile de zi cu zi. Ea a contribuit cu succes la \u00eencheierea unor contracte na\u021bionale sau interna\u021bionale importante \u00een variate domenii, adapt\u00e2ndu-se cu dedicare nevoilor de specializare cerute de domeniul de activitate ale clien\u021bilor, indiferent dac\u0103 vorbim, de exemplu, despre industria auto, aeronautic\u0103 civil\u0103 sau militar\u0103, inginerie \u0219i construc\u021bii, jocuri de noroc sau francizarea unor cunoscute m\u0103rci interna\u021bionale de bunuri \u0219i servicii.\u00a0 Carmen are experien\u021b\u0103 relevant\u0103 \u0219i \u00een domeniul ocup\u0103rii for\u021bei de munc\u0103, unde a fost implicat\u0103 \u00een proiecte incluz\u00e2nd restructurarea personalului, transferuri de \u00eentreprinderi, negocierea contractelor colective de munc\u0103, redactarea regulamentelor interne \u0219i a diverselor proceduri sau \u00een ac\u021biuni disciplinare. De asemenea, a dob\u00e2ndit experien\u021b\u0103 solid\u0103 \u00een probleme de protec\u021bie a datelor, personale, oferind consiliere clien\u021bilor cu privire la conformitatea cu reglement\u0103rile privind protec\u021bia datelor personale \u0219i protec\u021bia vie\u021bii private. Este implicat\u0103 \u00een proiecte de conformitate, proceduri de securitate a datelor \u0219i r\u0103spuns \u00een caz de \u00eenc\u0103lcare a securit\u0103\u021bii datelor. Carmen a absolvit Facultatea de Drept, Universitatea din Bucure\u0219ti \u00een anul 2000 \u0219i este membr\u0103 a Baroului din Bucure\u0219ti \u0219i a Uniunii Na\u021bionale a Barourilor din Rom\u00e2nia. Vorbe\u0219te fluent englez\u0103.<\/p>","protected":false},"author":1,"featured_media":0,"parent":973,"menu_order":2,"comment_status":"closed","ping_status":"closed","template":"","meta":{"footnotes":""},"class_list":["post-1025","page","type-page","status-publish","hentry"],"_links":{"self":[{"href":"https:\/\/constantinof.ro\/en\/wp-json\/wp\/v2\/pages\/1025","targetHints":{"allow":["GET"]}}],"collection":[{"href":"https:\/\/constantinof.ro\/en\/wp-json\/wp\/v2\/pages"}],"about":[{"href":"https:\/\/constantinof.ro\/en\/wp-json\/wp\/v2\/types\/page"}],"author":[{"embeddable":true,"href":"https:\/\/constantinof.ro\/en\/wp-json\/wp\/v2\/users\/1"}],"replies":[{"embeddable":true,"href":"https:\/\/constantinof.ro\/en\/wp-json\/wp\/v2\/comments?post=1025"}],"version-history":[{"count":17,"href":"https:\/\/constantinof.ro\/en\/wp-json\/wp\/v2\/pages\/1025\/revisions"}],"predecessor-version":[{"id":1559,"href":"https:\/\/constantinof.ro\/en\/wp-json\/wp\/v2\/pages\/1025\/revisions\/1559"}],"up":[{"embeddable":true,"href":"https:\/\/constantinof.ro\/en\/wp-json\/wp\/v2\/pages\/973"}],"wp:attachment":[{"href":"https:\/\/constantinof.ro\/en\/wp-json\/wp\/v2\/media?parent=1025"}],"curies":[{"name":"wp","href":"https:\/\/api.w.org\/{rel}","templated":true}]}}