{"id":1032,"date":"2024-10-30T15:43:53","date_gmt":"2024-10-30T13:43:53","guid":{"rendered":"https:\/\/constantinof.ro\/?page_id=1032"},"modified":"2024-11-15T12:35:19","modified_gmt":"2024-11-15T10:35:19","slug":"ana-guzinschi","status":"publish","type":"page","link":"https:\/\/constantinof.ro\/en\/echipa\/ana-guzinschi\/","title":{"rendered":"Ana Guzinschi"},"content":{"rendered":"<div data-elementor-type=\"wp-page\" data-elementor-id=\"1032\" class=\"elementor elementor-1032\" data-elementor-post-type=\"page\">\n\t\t\t\t\t\t<section class=\"elementor-section elementor-top-section elementor-element elementor-element-bf32799 elementor-reverse-tablet elementor-reverse-mobile elementor-section-boxed elementor-section-height-default elementor-section-height-default wpr-particle-no wpr-jarallax-no wpr-parallax-no wpr-sticky-section-no\" data-id=\"bf32799\" data-element_type=\"section\" data-e-type=\"section\" data-settings=\"{&quot;background_background&quot;:&quot;classic&quot;}\">\n\t\t\t\t\t\t\t<div class=\"elementor-background-overlay\"><\/div>\n\t\t\t\t\t\t\t<div class=\"elementor-container elementor-column-gap-no\">\n\t\t\t\t\t<div class=\"elementor-column elementor-col-50 elementor-top-column elementor-element elementor-element-279bb27\" data-id=\"279bb27\" data-element_type=\"column\" data-e-type=\"column\" data-settings=\"{&quot;background_background&quot;:&quot;classic&quot;}\">\n\t\t\t<div class=\"elementor-widget-wrap elementor-element-populated\">\n\t\t\t\t\t<div class=\"elementor-background-overlay\"><\/div>\n\t\t\t\t\t\t<div class=\"elementor-element elementor-element-983f200 elementor-widget elementor-widget-heading\" data-id=\"983f200\" data-element_type=\"widget\" data-e-type=\"widget\" data-widget_type=\"heading.default\">\n\t\t\t\t\t<h4 class=\"elementor-heading-title elementor-size-default\">Ana Guzinschi<\/h4>\t\t\t\t<\/div>\n\t\t\t\t<div class=\"elementor-element elementor-element-7907858 elementor-widget elementor-widget-text-editor\" data-id=\"7907858\" data-element_type=\"widget\" data-e-type=\"widget\" data-widget_type=\"text-editor.default\">\n\t\t\t\t\t\t\t\t\t<p><span style=\"font-weight: 400;\">Associate<\/span><\/p>\t\t\t\t\t\t\t\t<\/div>\n\t\t\t\t<div class=\"elementor-element elementor-element-2c58899 elementor-tablet-align-start elementor-mobile-align-start elementor-align-start elementor-icon-list--layout-traditional elementor-list-item-link-full_width elementor-widget elementor-widget-icon-list\" data-id=\"2c58899\" data-element_type=\"widget\" data-e-type=\"widget\" data-widget_type=\"icon-list.default\">\n\t\t\t\t\t\t\t<ul class=\"elementor-icon-list-items\">\n\t\t\t\t\t\t\t<li class=\"elementor-icon-list-item\">\n\t\t\t\t\t\t\t\t\t\t\t<span class=\"elementor-icon-list-icon\">\n\t\t\t\t\t\t\t<svg aria-hidden=\"true\" class=\"e-font-icon-svg e-fas-cube\" viewbox=\"0 0 512 512\" xmlns=\"http:\/\/www.w3.org\/2000\/svg\"><path d=\"M239.1 6.3l-208 78c-18.7 7-31.1 25-31.1 45v225.1c0 18.2 10.3 34.8 26.5 42.9l208 104c13.5 6.8 29.4 6.8 42.9 0l208-104c16.3-8.1 26.5-24.8 26.5-42.9V129.3c0-20-12.4-37.9-31.1-44.9l-208-78C262 2.2 250 2.2 239.1 6.3zM256 68.4l192 72v1.1l-192 78-192-78v-1.1l192-72zm32 356V275.5l160-65v133.9l-160 80z\"><\/path><\/svg>\t\t\t\t\t\t<\/span>\n\t\t\t\t\t\t\t\t\t\t<span class=\"elementor-icon-list-text\">ana.guzinschi@constantinof.ro<\/span>\n\t\t\t\t\t\t\t\t\t<\/li>\n\t\t\t\t\t\t<\/ul>\n\t\t\t\t\t\t<\/div>\n\t\t\t\t<div class=\"elementor-element elementor-element-b9d38fd elementor-widget elementor-widget-text-editor\" data-id=\"b9d38fd\" data-element_type=\"widget\" data-e-type=\"widget\" data-widget_type=\"text-editor.default\">\n\t\t\t\t\t\t\t\t\t<p><span style=\"font-weight: 400;\">Ana Guzinschi\u2018s expertise is mainly focused on civil and commercial litigations and arbitration.<\/span><\/p><p><span style=\"font-weight: 400;\">She also offers legal assistance on corporate and regulatory issues, in restructuring &amp; insolvency procedures, in cases of administrative law and public procurement, as well as in projects for debt recovery or legal advice for the day-to day activity of our clients, standing out for her structured and comprehensive approach of the cases she deals with.<\/span><\/p><p><span style=\"font-weight: 400;\">Ana graduated from the Faculty of Law, University of Bucharest in 2015 and is member of the Bucharest Bar and of the Romanian Bar Association.<\/span><\/p><p><span style=\"font-weight: 400;\">She also has a Master Degree diploma within the Program of Public Procurement, Concessions, Public-Private Partnership, University of Bucharest - Faculty of Law.<\/span><\/p><p><span style=\"font-weight: 400;\">Speaks English fluently.<\/span><\/p>\t\t\t\t\t\t\t\t<\/div>\n\t\t\t\t\t<\/div>\n\t\t<\/div>\n\t\t\t\t<div class=\"elementor-column elementor-col-50 elementor-top-column elementor-element elementor-element-c239e2a\" data-id=\"c239e2a\" data-element_type=\"column\" data-e-type=\"column\" data-settings=\"{&quot;background_background&quot;:&quot;classic&quot;}\">\n\t\t\t<div class=\"elementor-widget-wrap elementor-element-populated\">\n\t\t\t\t\t\t<div class=\"elementor-element elementor-element-c50ec77 elementor-invisible elementor-widget elementor-widget-spacer\" data-id=\"c50ec77\" data-element_type=\"widget\" data-e-type=\"widget\" data-settings=\"{&quot;_animation&quot;:&quot;fadeIn&quot;}\" data-widget_type=\"spacer.default\">\n\t\t\t\t\t\t\t<div class=\"elementor-spacer\">\n\t\t\t<div class=\"elementor-spacer-inner\"><\/div>\n\t\t<\/div>\n\t\t\t\t\t\t<\/div>\n\t\t\t\t\t<\/div>\n\t\t<\/div>\n\t\t\t\t\t<\/div>\n\t\t<\/section>\n\t\t\t\t<\/div>","protected":false},"excerpt":{"rendered":"<p>Ana Guzinschi Associate ana.guzinschi@constantinof.ro Experien\u021ba Anei Guzinschi se concentreaz\u0103, \u00een principal, pe litigii civile \u0219i comerciale \u0219i arbitraj. De asemenea, ea ofer\u0103 asisten\u021b\u0103 juridic\u0103 pe probleme de drept societar \u0219i reglementare, \u00een proceduri de restructurare \u0219i insolven\u021b\u0103, \u00een spe\u021be de drept administrativ \u0219i achizi\u021bii publice, precum \u0219i \u00een proiecte privind recuperarea crean\u021belor sau consultan\u021b\u0103 juridic\u0103 \u00een aspecte rezult\u00e2nd din activitatea curent\u0103 a clien\u021bilor no\u0219tri, remarc\u00e2ndu-se prin abordarea structurat\u0103 \u0219i exhaustiv\u0103 a spe\u021belor cu care se confrunt\u0103. Ana a absolvit Facultatea de Drept, Universitatea din Bucure\u0219ti \u00een 2015 \u0219i este membr\u0103 a Baroului Bucure\u0219ti \u0219i a Baroului din Rom\u00e2nia. \u00cen anul 2016, a absolvit studiile de master \u00een cadrul Programului Achizi\u021bii Publice, Concesiuni, Parteneriat Public-Privat, Universitatea Bucure\u0219ti \u2013 Facultatea de Drept. Vorbe\u0219te fluent engleza.<\/p>","protected":false},"author":1,"featured_media":0,"parent":973,"menu_order":3,"comment_status":"closed","ping_status":"closed","template":"","meta":{"footnotes":""},"class_list":["post-1032","page","type-page","status-publish","hentry"],"_links":{"self":[{"href":"https:\/\/constantinof.ro\/en\/wp-json\/wp\/v2\/pages\/1032","targetHints":{"allow":["GET"]}}],"collection":[{"href":"https:\/\/constantinof.ro\/en\/wp-json\/wp\/v2\/pages"}],"about":[{"href":"https:\/\/constantinof.ro\/en\/wp-json\/wp\/v2\/types\/page"}],"author":[{"embeddable":true,"href":"https:\/\/constantinof.ro\/en\/wp-json\/wp\/v2\/users\/1"}],"replies":[{"embeddable":true,"href":"https:\/\/constantinof.ro\/en\/wp-json\/wp\/v2\/comments?post=1032"}],"version-history":[{"count":19,"href":"https:\/\/constantinof.ro\/en\/wp-json\/wp\/v2\/pages\/1032\/revisions"}],"predecessor-version":[{"id":1556,"href":"https:\/\/constantinof.ro\/en\/wp-json\/wp\/v2\/pages\/1032\/revisions\/1556"}],"up":[{"embeddable":true,"href":"https:\/\/constantinof.ro\/en\/wp-json\/wp\/v2\/pages\/973"}],"wp:attachment":[{"href":"https:\/\/constantinof.ro\/en\/wp-json\/wp\/v2\/media?parent=1032"}],"curies":[{"name":"wp","href":"https:\/\/api.w.org\/{rel}","templated":true}]}}