{"id":1074,"date":"2024-10-30T16:05:31","date_gmt":"2024-10-30T14:05:31","guid":{"rendered":"https:\/\/constantinof.ro\/?page_id=1074"},"modified":"2024-11-15T13:13:33","modified_gmt":"2024-11-15T11:13:33","slug":"drept-imobiliar-constructii","status":"publish","type":"page","link":"https:\/\/constantinof.ro\/en\/competente\/drept-imobiliar-constructii\/","title":{"rendered":"Drept imobiliar. Construc\u021bii"},"content":{"rendered":"<div data-elementor-type=\"wp-page\" data-elementor-id=\"1074\" class=\"elementor elementor-1074\" data-elementor-post-type=\"page\">\n\t\t\t\t\t\t<section class=\"elementor-section elementor-top-section elementor-element elementor-element-8897045 elementor-section-stretched elementor-section-full_width elementor-section-height-min-height elementor-section-items-stretch elementor-section-height-default wpr-particle-no wpr-jarallax-no wpr-parallax-no wpr-sticky-section-no\" data-id=\"8897045\" data-element_type=\"section\" data-e-type=\"section\" data-settings=\"{&quot;stretch_section&quot;:&quot;section-stretched&quot;,&quot;background_background&quot;:&quot;classic&quot;}\">\n\t\t\t\t\t\t<div class=\"elementor-container elementor-column-gap-default\">\n\t\t\t\t\t<div class=\"elementor-column elementor-col-100 elementor-top-column elementor-element elementor-element-bc86270\" data-id=\"bc86270\" data-element_type=\"column\" data-e-type=\"column\" data-settings=\"{&quot;background_background&quot;:&quot;classic&quot;}\">\n\t\t\t<div class=\"elementor-widget-wrap elementor-element-populated\">\n\t\t\t\t\t\t<div class=\"elementor-element elementor-element-5aa38ed elementor-widget elementor-widget-spacer\" data-id=\"5aa38ed\" data-element_type=\"widget\" data-e-type=\"widget\" data-widget_type=\"spacer.default\">\n\t\t\t\t\t\t\t<div class=\"elementor-spacer\">\n\t\t\t<div class=\"elementor-spacer-inner\"><\/div>\n\t\t<\/div>\n\t\t\t\t\t\t<\/div>\n\t\t\t\t\t<\/div>\n\t\t<\/div>\n\t\t\t\t\t<\/div>\n\t\t<\/section>\n\t\t\t\t<section class=\"elementor-section elementor-top-section elementor-element elementor-element-beb6960 elementor-section-boxed elementor-section-height-default elementor-section-height-default wpr-particle-no wpr-jarallax-no wpr-parallax-no wpr-sticky-section-no\" data-id=\"beb6960\" data-element_type=\"section\" data-e-type=\"section\" data-settings=\"{&quot;background_background&quot;:&quot;classic&quot;}\">\n\t\t\t\t\t\t<div class=\"elementor-container elementor-column-gap-default\">\n\t\t\t\t\t<div class=\"elementor-column elementor-col-100 elementor-top-column elementor-element elementor-element-b5646dd\" data-id=\"b5646dd\" data-element_type=\"column\" data-e-type=\"column\">\n\t\t\t<div class=\"elementor-widget-wrap elementor-element-populated\">\n\t\t\t\t\t\t<div class=\"elementor-element elementor-element-24efe45 elementor-invisible elementor-widget elementor-widget-heading\" data-id=\"24efe45\" data-element_type=\"widget\" data-e-type=\"widget\" data-settings=\"{&quot;_animation&quot;:&quot;fadeInRight&quot;,&quot;_animation_delay&quot;:200,&quot;_animation_mobile&quot;:&quot;none&quot;}\" data-widget_type=\"heading.default\">\n\t\t\t\t\t<p class=\"elementor-heading-title elementor-size-default\">- Practice areas -<\/p>\t\t\t\t<\/div>\n\t\t\t\t<div class=\"elementor-element elementor-element-a7058c6 elementor-widget-divider--view-line elementor-invisible elementor-widget elementor-widget-divider\" data-id=\"a7058c6\" data-element_type=\"widget\" data-e-type=\"widget\" data-settings=\"{&quot;_animation&quot;:&quot;fadeInUp&quot;,&quot;_animation_mobile&quot;:&quot;none&quot;}\" data-widget_type=\"divider.default\">\n\t\t\t\t\t\t\t<div class=\"elementor-divider\">\n\t\t\t<span class=\"elementor-divider-separator\">\n\t\t\t\t\t\t<\/span>\n\t\t<\/div>\n\t\t\t\t\t\t<\/div>\n\t\t\t\t<div class=\"elementor-element elementor-element-f339f4e elementor-invisible elementor-widget elementor-widget-heading\" data-id=\"f339f4e\" data-element_type=\"widget\" data-e-type=\"widget\" data-settings=\"{&quot;_animation&quot;:&quot;fadeInRight&quot;,&quot;_animation_delay&quot;:300,&quot;_animation_mobile&quot;:&quot;none&quot;}\" data-widget_type=\"heading.default\">\n\t\t\t\t\t<h1 class=\"elementor-heading-title elementor-size-default\">REAL ESTATE. CONSTRUCTIONS<\/h1>\t\t\t\t<\/div>\n\t\t\t\t\t<\/div>\n\t\t<\/div>\n\t\t\t\t\t<\/div>\n\t\t<\/section>\n\t\t\t\t<section class=\"elementor-section elementor-top-section elementor-element elementor-element-07b42ec elementor-section-height-min-height elementor-section-boxed elementor-section-height-default elementor-section-items-middle wpr-particle-no wpr-jarallax-no wpr-parallax-no wpr-sticky-section-no\" data-id=\"07b42ec\" data-element_type=\"section\" data-e-type=\"section\" data-settings=\"{&quot;background_background&quot;:&quot;classic&quot;}\">\n\t\t\t\t\t\t\t<div class=\"elementor-background-overlay\"><\/div>\n\t\t\t\t\t\t\t<div class=\"elementor-container elementor-column-gap-default\">\n\t\t\t\t\t<div class=\"elementor-column elementor-col-100 elementor-top-column elementor-element elementor-element-9bba721 elementor-invisible\" data-id=\"9bba721\" data-element_type=\"column\" data-e-type=\"column\" data-settings=\"{&quot;animation&quot;:&quot;fadeInUp&quot;}\">\n\t\t\t<div class=\"elementor-widget-wrap elementor-element-populated\">\n\t\t\t\t\t\t<div class=\"elementor-element elementor-element-90695c1 elementor-drop-cap-yes elementor-drop-cap-view-default elementor-widget elementor-widget-text-editor\" data-id=\"90695c1\" data-element_type=\"widget\" data-e-type=\"widget\" data-settings=\"{&quot;drop_cap&quot;:&quot;yes&quot;}\" data-widget_type=\"text-editor.default\">\n\t\t\t\t\t\t\t\t\t<p><span style=\"font-weight: 400;\">Our lawyers excel in understanding the complex relationships between beneficiaries-contractor-designer-consultants, providing legal guidance and representing clients facing legal challenges or disputes in this area, both in the pre-contractual phase as well as during the performance of the contract or in litigious situations arising between              the parties.\u00a0<\/span><\/p><p><span style=\"font-weight: 400;\">Constantinof &amp; Asociatii's expertise includes both local legislation and the implementation of contractual conditions issued by the International Federation of Consulting Engineers (FIDIC)<\/span><\/p><p><span style=\"font-weight: 400;\">O complex\u0103 serie de probleme juridice cum sunt cele privind constituirea, exercitarea, ap\u0103rarea drepturilor reale, publicitatea imobiliar\u0103 \u00ee\u0219i g\u0103sesc solu\u021bii optime at\u00e2t \u00een faza consultan\u021bei, c\u00e2t \u00een fa\u021ba ins\u021bantelor cu ajutorul avoca\u021bilor din echipa\u00a0 noastr\u0103.\u00a0<\/span><\/p><p><span style=\"font-weight: 400;\">We are involved in large-scale works projects, regarding construction works, infrastructure and urban transport, assisting some of the most representative operators in the field, as well as public authorities.<\/span><\/p>\t\t\t\t\t\t\t\t<\/div>\n\t\t\t\t\t<\/div>\n\t\t<\/div>\n\t\t\t\t\t<\/div>\n\t\t<\/section>\n\t\t\t\t<\/div>","protected":false},"excerpt":{"rendered":"<p>&#8211; Domenii de competen\u021b\u0103 &#8211; DREPT IMOBILIAR. CONSTRUC\u021aII Avoca\u021bii no\u0219tri exceleaz\u0103 \u00een \u00een\u021belegerea raporturilor complexe dintre beneficiar-constructor-proiectant-consultan\u021bi, oferind \u00eendrumare legal\u0103 \u0219i reprezentare clien\u021bilor care se confrunt\u0103 cu provoc\u0103ri legale sau dispute \u00een acest domeniu, at\u00e2t \u00een faza precontractual\u0103, c\u00e2t \u0219i pe parcursul execu\u021biei contractului sau \u00een situa\u021bii litigioase ap\u0103rute \u00eentre p\u0103r\u021bi.\u00a0 Experien\u021ba Constantinof&amp;Asocia\u021bii include at\u00e2t legisla\u021bia local\u0103, c\u00e2t \u0219i implementarea condi\u021biilor contractuale emise de Federa\u021bia Interna\u021bional\u0103 a Inginerilor Consultan\u021bi (FIDIC). O complex\u0103 serie de probleme juridice cum sunt cele privind constituirea, exercitarea, ap\u0103rarea drepturilor reale, publicitatea imobiliar\u0103 \u00ee\u0219i g\u0103sesc solu\u021bii optime at\u00e2t \u00een faza consultan\u021bei, c\u00e2t \u00een fa\u021ba ins\u021bantelor cu ajutorul avoca\u021bilor din echipa\u00a0 noastr\u0103.\u00a0 Suntem implica\u021bi \u00een proiecte de antrepriz\u0103 de anvergur\u0103, av\u00e2nd ca obiect lucr\u0103ri de construc\u021bii, infrastructur\u0103 \u0219i transport edilitare, asist\u00e2nd unii dintre cei mai reprezentativi operatori \u00een domeniu, precum \u0219i autorit\u0103\u021bi publice.<\/p>","protected":false},"author":1,"featured_media":0,"parent":1069,"menu_order":1,"comment_status":"closed","ping_status":"closed","template":"","meta":{"footnotes":""},"class_list":["post-1074","page","type-page","status-publish","hentry"],"_links":{"self":[{"href":"https:\/\/constantinof.ro\/en\/wp-json\/wp\/v2\/pages\/1074","targetHints":{"allow":["GET"]}}],"collection":[{"href":"https:\/\/constantinof.ro\/en\/wp-json\/wp\/v2\/pages"}],"about":[{"href":"https:\/\/constantinof.ro\/en\/wp-json\/wp\/v2\/types\/page"}],"author":[{"embeddable":true,"href":"https:\/\/constantinof.ro\/en\/wp-json\/wp\/v2\/users\/1"}],"replies":[{"embeddable":true,"href":"https:\/\/constantinof.ro\/en\/wp-json\/wp\/v2\/comments?post=1074"}],"version-history":[{"count":26,"href":"https:\/\/constantinof.ro\/en\/wp-json\/wp\/v2\/pages\/1074\/revisions"}],"predecessor-version":[{"id":1582,"href":"https:\/\/constantinof.ro\/en\/wp-json\/wp\/v2\/pages\/1074\/revisions\/1582"}],"up":[{"embeddable":true,"href":"https:\/\/constantinof.ro\/en\/wp-json\/wp\/v2\/pages\/1069"}],"wp:attachment":[{"href":"https:\/\/constantinof.ro\/en\/wp-json\/wp\/v2\/media?parent=1074"}],"curies":[{"name":"wp","href":"https:\/\/api.w.org\/{rel}","templated":true}]}}