{"id":1079,"date":"2024-10-30T16:11:49","date_gmt":"2024-10-30T14:11:49","guid":{"rendered":"https:\/\/constantinof.ro\/?page_id=1079"},"modified":"2024-11-15T13:47:41","modified_gmt":"2024-11-15T11:47:41","slug":"achizitii-publice-proiecte-cu-finantare-europeana","status":"publish","type":"page","link":"https:\/\/constantinof.ro\/en\/competente\/achizitii-publice-proiecte-cu-finantare-europeana\/","title":{"rendered":"Achizi\u021bii publice. Proiecte cu finan\u021bare european\u0103"},"content":{"rendered":"<div data-elementor-type=\"wp-page\" data-elementor-id=\"1079\" class=\"elementor elementor-1079\" data-elementor-post-type=\"page\">\n\t\t\t\t\t\t<section class=\"elementor-section elementor-top-section elementor-element elementor-element-2a17524 elementor-section-stretched elementor-section-full_width elementor-section-height-min-height elementor-section-items-stretch elementor-section-height-default wpr-particle-no wpr-jarallax-no wpr-parallax-no wpr-sticky-section-no\" data-id=\"2a17524\" data-element_type=\"section\" data-e-type=\"section\" data-settings=\"{&quot;stretch_section&quot;:&quot;section-stretched&quot;,&quot;background_background&quot;:&quot;classic&quot;}\">\n\t\t\t\t\t\t<div class=\"elementor-container elementor-column-gap-default\">\n\t\t\t\t\t<div class=\"elementor-column elementor-col-100 elementor-top-column elementor-element elementor-element-5ab233d\" data-id=\"5ab233d\" data-element_type=\"column\" data-e-type=\"column\" data-settings=\"{&quot;background_background&quot;:&quot;classic&quot;}\">\n\t\t\t<div class=\"elementor-widget-wrap elementor-element-populated\">\n\t\t\t\t\t\t<div class=\"elementor-element elementor-element-1cac54d elementor-widget elementor-widget-spacer\" data-id=\"1cac54d\" data-element_type=\"widget\" data-e-type=\"widget\" data-widget_type=\"spacer.default\">\n\t\t\t\t\t\t\t<div class=\"elementor-spacer\">\n\t\t\t<div class=\"elementor-spacer-inner\"><\/div>\n\t\t<\/div>\n\t\t\t\t\t\t<\/div>\n\t\t\t\t\t<\/div>\n\t\t<\/div>\n\t\t\t\t\t<\/div>\n\t\t<\/section>\n\t\t\t\t<section class=\"elementor-section elementor-top-section elementor-element elementor-element-86cc2d7 elementor-section-boxed elementor-section-height-default elementor-section-height-default wpr-particle-no wpr-jarallax-no wpr-parallax-no wpr-sticky-section-no\" data-id=\"86cc2d7\" data-element_type=\"section\" data-e-type=\"section\" data-settings=\"{&quot;background_background&quot;:&quot;classic&quot;}\">\n\t\t\t\t\t\t<div class=\"elementor-container elementor-column-gap-default\">\n\t\t\t\t\t<div class=\"elementor-column elementor-col-100 elementor-top-column elementor-element elementor-element-8d08a85\" data-id=\"8d08a85\" data-element_type=\"column\" data-e-type=\"column\">\n\t\t\t<div class=\"elementor-widget-wrap elementor-element-populated\">\n\t\t\t\t\t\t<div class=\"elementor-element elementor-element-795e9ce elementor-invisible elementor-widget elementor-widget-heading\" data-id=\"795e9ce\" data-element_type=\"widget\" data-e-type=\"widget\" data-settings=\"{&quot;_animation&quot;:&quot;fadeInRight&quot;,&quot;_animation_delay&quot;:200,&quot;_animation_mobile&quot;:&quot;none&quot;}\" data-widget_type=\"heading.default\">\n\t\t\t\t\t<p class=\"elementor-heading-title elementor-size-default\">- Practice areas -<\/p>\t\t\t\t<\/div>\n\t\t\t\t<div class=\"elementor-element elementor-element-d78e6e4 elementor-widget-divider--view-line elementor-invisible elementor-widget elementor-widget-divider\" data-id=\"d78e6e4\" data-element_type=\"widget\" data-e-type=\"widget\" data-settings=\"{&quot;_animation&quot;:&quot;fadeInUp&quot;,&quot;_animation_mobile&quot;:&quot;none&quot;}\" data-widget_type=\"divider.default\">\n\t\t\t\t\t\t\t<div class=\"elementor-divider\">\n\t\t\t<span class=\"elementor-divider-separator\">\n\t\t\t\t\t\t<\/span>\n\t\t<\/div>\n\t\t\t\t\t\t<\/div>\n\t\t\t\t<div class=\"elementor-element elementor-element-34aaeb3 elementor-invisible elementor-widget elementor-widget-heading\" data-id=\"34aaeb3\" data-element_type=\"widget\" data-e-type=\"widget\" data-settings=\"{&quot;_animation&quot;:&quot;fadeInRight&quot;,&quot;_animation_delay&quot;:300,&quot;_animation_mobile&quot;:&quot;none&quot;}\" data-widget_type=\"heading.default\">\n\t\t\t\t\t<h1 class=\"elementor-heading-title elementor-size-default\">PUBLIC PROCUREMENT. PROJECTS WITH EUROPEAN FUNDING<\/h1>\t\t\t\t<\/div>\n\t\t\t\t\t<\/div>\n\t\t<\/div>\n\t\t\t\t\t<\/div>\n\t\t<\/section>\n\t\t\t\t<section class=\"elementor-section elementor-top-section elementor-element elementor-element-7409cfc elementor-section-height-min-height elementor-section-boxed elementor-section-height-default elementor-section-items-middle wpr-particle-no wpr-jarallax-no wpr-parallax-no wpr-sticky-section-no\" data-id=\"7409cfc\" data-element_type=\"section\" data-e-type=\"section\" data-settings=\"{&quot;background_background&quot;:&quot;classic&quot;}\">\n\t\t\t\t\t\t\t<div class=\"elementor-background-overlay\"><\/div>\n\t\t\t\t\t\t\t<div class=\"elementor-container elementor-column-gap-default\">\n\t\t\t\t\t<div class=\"elementor-column elementor-col-100 elementor-top-column elementor-element elementor-element-2518dde elementor-invisible\" data-id=\"2518dde\" data-element_type=\"column\" data-e-type=\"column\" data-settings=\"{&quot;animation&quot;:&quot;fadeInUp&quot;}\">\n\t\t\t<div class=\"elementor-widget-wrap elementor-element-populated\">\n\t\t\t\t\t\t<div class=\"elementor-element elementor-element-d52a5f0 elementor-drop-cap-yes elementor-drop-cap-view-default elementor-widget elementor-widget-text-editor\" data-id=\"d52a5f0\" data-element_type=\"widget\" data-e-type=\"widget\" data-settings=\"{&quot;drop_cap&quot;:&quot;yes&quot;}\" data-widget_type=\"text-editor.default\">\n\t\t\t\t\t\t\t\t\t<p><span style=\"font-weight: 400;\">Our firm\u2019s lawyers have achieved significant and successful expertise in the public procurement field and regarding projects with financing from the European Union budget, equally counselling contractors and contracting authorities, in all stages of the procurement procedures, but also before the courts.\u00a0<\/span><\/p><p><span style=\"font-weight: 400;\">We take pride of our involvement in projects with a high degree of complexity, including some of the most important investments made in scientific research in Romania, as well as the acquisition of military and civil engineering in the field of aeronautics.<\/span><\/p>\t\t\t\t\t\t\t\t<\/div>\n\t\t\t\t\t<\/div>\n\t\t<\/div>\n\t\t\t\t\t<\/div>\n\t\t<\/section>\n\t\t\t\t<\/div>","protected":false},"excerpt":{"rendered":"<p>&#8211; Domenii de competen\u021b\u0103 &#8211; ACHIZI\u021aII PUBLICE. PROIECTE CU FINAN\u021aARE EUROPEAN\u0102 Avoca\u021bii societ\u0103\u021bii noastre au acumulat o important\u0103 \u0219i de succes experien\u021b\u0103 \u00een domeniul achizitiilor publice \u0219i cu privire la derularea proiectelor cu finan\u021b\u0103ri din bugetul Uniunii Europene, consiliind, \u00een egal\u0103 m\u0103sur\u0103, contractorii \u0219i autorit\u0103\u021bile contractante, \u00een toate etapele procedurilor de atribuire, dar \u0219i \u00een fa\u021ba instan\u021belor.\u00a0 Ne m\u00e2ndrim cu implicarea noastr\u0103 \u00een proiecte cu un ridicat grad de complexitate, incluz\u00e2nd unele dintre cele mai importante investi\u021bii realizate \u00een cercetarea \u0219tiin\u021bific\u0103 \u00een Rom\u00e2nia, precum sau achizi\u021bia de tehnic\u0103 militar\u0103 \u0219i civil\u0103 \u00een domeniul aeronauticii.<\/p>","protected":false},"author":1,"featured_media":0,"parent":1069,"menu_order":3,"comment_status":"closed","ping_status":"closed","template":"","meta":{"footnotes":""},"class_list":["post-1079","page","type-page","status-publish","hentry"],"_links":{"self":[{"href":"https:\/\/constantinof.ro\/en\/wp-json\/wp\/v2\/pages\/1079","targetHints":{"allow":["GET"]}}],"collection":[{"href":"https:\/\/constantinof.ro\/en\/wp-json\/wp\/v2\/pages"}],"about":[{"href":"https:\/\/constantinof.ro\/en\/wp-json\/wp\/v2\/types\/page"}],"author":[{"embeddable":true,"href":"https:\/\/constantinof.ro\/en\/wp-json\/wp\/v2\/users\/1"}],"replies":[{"embeddable":true,"href":"https:\/\/constantinof.ro\/en\/wp-json\/wp\/v2\/comments?post=1079"}],"version-history":[{"count":22,"href":"https:\/\/constantinof.ro\/en\/wp-json\/wp\/v2\/pages\/1079\/revisions"}],"predecessor-version":[{"id":1585,"href":"https:\/\/constantinof.ro\/en\/wp-json\/wp\/v2\/pages\/1079\/revisions\/1585"}],"up":[{"embeddable":true,"href":"https:\/\/constantinof.ro\/en\/wp-json\/wp\/v2\/pages\/1069"}],"wp:attachment":[{"href":"https:\/\/constantinof.ro\/en\/wp-json\/wp\/v2\/media?parent=1079"}],"curies":[{"name":"wp","href":"https:\/\/api.w.org\/{rel}","templated":true}]}}