{"id":1081,"date":"2024-10-30T16:12:17","date_gmt":"2024-10-30T14:12:17","guid":{"rendered":"https:\/\/constantinof.ro\/?page_id=1081"},"modified":"2024-11-19T12:21:43","modified_gmt":"2024-11-19T10:21:43","slug":"bancar-financiar-leasing","status":"publish","type":"page","link":"https:\/\/constantinof.ro\/en\/competente\/bancar-financiar-leasing\/","title":{"rendered":"Bancar, Financiar, Leasing"},"content":{"rendered":"<div data-elementor-type=\"wp-page\" data-elementor-id=\"1081\" class=\"elementor elementor-1081\" data-elementor-post-type=\"page\">\n\t\t\t\t\t\t<section class=\"elementor-section elementor-top-section elementor-element elementor-element-3a354d0 elementor-section-stretched elementor-section-full_width elementor-section-height-min-height elementor-section-items-stretch elementor-section-height-default wpr-particle-no wpr-jarallax-no wpr-parallax-no wpr-sticky-section-no\" data-id=\"3a354d0\" data-element_type=\"section\" data-e-type=\"section\" data-settings=\"{&quot;stretch_section&quot;:&quot;section-stretched&quot;,&quot;background_background&quot;:&quot;classic&quot;}\">\n\t\t\t\t\t\t<div class=\"elementor-container elementor-column-gap-default\">\n\t\t\t\t\t<div class=\"elementor-column elementor-col-100 elementor-top-column elementor-element elementor-element-66e3347\" data-id=\"66e3347\" data-element_type=\"column\" data-e-type=\"column\" data-settings=\"{&quot;background_background&quot;:&quot;classic&quot;}\">\n\t\t\t<div class=\"elementor-widget-wrap elementor-element-populated\">\n\t\t\t\t\t\t<div class=\"elementor-element elementor-element-35d580d elementor-widget elementor-widget-spacer\" data-id=\"35d580d\" data-element_type=\"widget\" data-e-type=\"widget\" data-widget_type=\"spacer.default\">\n\t\t\t\t\t\t\t<div class=\"elementor-spacer\">\n\t\t\t<div class=\"elementor-spacer-inner\"><\/div>\n\t\t<\/div>\n\t\t\t\t\t\t<\/div>\n\t\t\t\t\t<\/div>\n\t\t<\/div>\n\t\t\t\t\t<\/div>\n\t\t<\/section>\n\t\t\t\t<section class=\"elementor-section elementor-top-section elementor-element elementor-element-370767b elementor-section-boxed elementor-section-height-default elementor-section-height-default wpr-particle-no wpr-jarallax-no wpr-parallax-no wpr-sticky-section-no\" data-id=\"370767b\" data-element_type=\"section\" data-e-type=\"section\" data-settings=\"{&quot;background_background&quot;:&quot;classic&quot;}\">\n\t\t\t\t\t\t<div class=\"elementor-container elementor-column-gap-default\">\n\t\t\t\t\t<div class=\"elementor-column elementor-col-100 elementor-top-column elementor-element elementor-element-9aed1ee\" data-id=\"9aed1ee\" data-element_type=\"column\" data-e-type=\"column\">\n\t\t\t<div class=\"elementor-widget-wrap elementor-element-populated\">\n\t\t\t\t\t\t<div class=\"elementor-element elementor-element-8bf8704 elementor-invisible elementor-widget elementor-widget-heading\" data-id=\"8bf8704\" data-element_type=\"widget\" data-e-type=\"widget\" data-settings=\"{&quot;_animation&quot;:&quot;fadeInRight&quot;,&quot;_animation_delay&quot;:200,&quot;_animation_mobile&quot;:&quot;none&quot;}\" data-widget_type=\"heading.default\">\n\t\t\t\t\t<p class=\"elementor-heading-title elementor-size-default\">- Practice areas -<\/p>\t\t\t\t<\/div>\n\t\t\t\t<div class=\"elementor-element elementor-element-e66897e elementor-widget-divider--view-line elementor-invisible elementor-widget elementor-widget-divider\" data-id=\"e66897e\" data-element_type=\"widget\" data-e-type=\"widget\" data-settings=\"{&quot;_animation&quot;:&quot;fadeInUp&quot;,&quot;_animation_mobile&quot;:&quot;none&quot;}\" data-widget_type=\"divider.default\">\n\t\t\t\t\t\t\t<div class=\"elementor-divider\">\n\t\t\t<span class=\"elementor-divider-separator\">\n\t\t\t\t\t\t<\/span>\n\t\t<\/div>\n\t\t\t\t\t\t<\/div>\n\t\t\t\t<div class=\"elementor-element elementor-element-cf4ab94 elementor-invisible elementor-widget elementor-widget-heading\" data-id=\"cf4ab94\" data-element_type=\"widget\" data-e-type=\"widget\" data-settings=\"{&quot;_animation&quot;:&quot;fadeInRight&quot;,&quot;_animation_delay&quot;:300,&quot;_animation_mobile&quot;:&quot;none&quot;}\" data-widget_type=\"heading.default\">\n\t\t\t\t\t<h1 class=\"elementor-heading-title elementor-size-default\">BANKING, FINANCE, LEASING<\/h1>\t\t\t\t<\/div>\n\t\t\t\t\t<\/div>\n\t\t<\/div>\n\t\t\t\t\t<\/div>\n\t\t<\/section>\n\t\t\t\t<section class=\"elementor-section elementor-top-section elementor-element elementor-element-549b41d elementor-section-height-min-height elementor-section-boxed elementor-section-height-default elementor-section-items-middle wpr-particle-no wpr-jarallax-no wpr-parallax-no wpr-sticky-section-no\" data-id=\"549b41d\" data-element_type=\"section\" data-e-type=\"section\" data-settings=\"{&quot;background_background&quot;:&quot;classic&quot;}\">\n\t\t\t\t\t\t\t<div class=\"elementor-background-overlay\"><\/div>\n\t\t\t\t\t\t\t<div class=\"elementor-container elementor-column-gap-default\">\n\t\t\t\t\t<div class=\"elementor-column elementor-col-100 elementor-top-column elementor-element elementor-element-a8599f1 elementor-invisible\" data-id=\"a8599f1\" data-element_type=\"column\" data-e-type=\"column\" data-settings=\"{&quot;animation&quot;:&quot;fadeInUp&quot;}\">\n\t\t\t<div class=\"elementor-widget-wrap elementor-element-populated\">\n\t\t\t\t\t\t<div class=\"elementor-element elementor-element-3f11598 elementor-drop-cap-yes elementor-drop-cap-view-default elementor-widget elementor-widget-text-editor\" data-id=\"3f11598\" data-element_type=\"widget\" data-e-type=\"widget\" data-settings=\"{&quot;drop_cap&quot;:&quot;yes&quot;}\" data-widget_type=\"text-editor.default\">\n\t\t\t\t\t\t\t\t\t<p><span style=\"font-weight: 400;\">Constantinof &amp; Asocia\u0163ii advised renowned international and domestic commercial bank and leasing companies with a presence in Romania.\u00a0<\/span><\/p><p><span style=\"font-weight: 400;\">Our lawyers provide counseling in the regulatory and advisory fields, ranging from loan facility agreements as well as the accessory transaction documentation to related litigation. The firm represents its clients in their various roles in financing transactions: lenders, borrowers, guarantors or sureties.\u00a0<\/span><\/p><p><span style=\"font-weight: 400;\">Constantinof &amp; Asociatii provides on a regular basis legal advice in relation to finance and operating lease transactions and correlative litigation.\u00a0<\/span><\/p><p><span style=\"font-weight: 400;\">Our lawyers have actively been involved in equipment, aircrafts and automotive financing transactions.<\/span><\/p>\t\t\t\t\t\t\t\t<\/div>\n\t\t\t\t\t<\/div>\n\t\t<\/div>\n\t\t\t\t\t<\/div>\n\t\t<\/section>\n\t\t\t\t<\/div>","protected":false},"excerpt":{"rendered":"<p>&#8211; Domenii de competen\u021b\u0103 &#8211; BANCAR, FINANCIAR, LEASING Constantinof &amp; Asocia\u0163ii a consiliat renumite b\u0103nci comerciale interna\u021bionale \u0219i na\u021bionale \u0219i\u00a0 companii de leasing.\u00a0 Asistenta acordat\u0103 de avocatii no\u0219tri acoper\u0103 at\u00e2t consiliere viz\u00e2nd contractele de credit si documenta\u021bia accesorie, c\u00e2t \u0219i asigurarea reprezent\u0103rii \u00een litigii din domeniu. Firma noastr\u0103 \u0219i-a reprezentat cu succes clien\u021bii indiferent de pozi\u021bia contractual\u0103 a acestora \u00een tranzac\u021biile financiare: creditor, debitor, garant.\u00a0 Constantinof &amp; Asocia\u021bii acord\u0103 \u00een mod curent asisten\u021b\u0103 juridic\u0103 \u00een privin\u021ba opera\u021biunilor de leasing financiar \u0219i opera\u021bional \u0219i a litigiilor \u00een leg\u0103tura cu acestea.\u00a0 Avoca\u021bii nostri sunt implica\u021bi activ \u00een opera\u021biuni de leasing privind echipamente, automobile, aeronave.<\/p>","protected":false},"author":1,"featured_media":0,"parent":1069,"menu_order":4,"comment_status":"closed","ping_status":"closed","template":"","meta":{"footnotes":""},"class_list":["post-1081","page","type-page","status-publish","hentry"],"_links":{"self":[{"href":"https:\/\/constantinof.ro\/en\/wp-json\/wp\/v2\/pages\/1081","targetHints":{"allow":["GET"]}}],"collection":[{"href":"https:\/\/constantinof.ro\/en\/wp-json\/wp\/v2\/pages"}],"about":[{"href":"https:\/\/constantinof.ro\/en\/wp-json\/wp\/v2\/types\/page"}],"author":[{"embeddable":true,"href":"https:\/\/constantinof.ro\/en\/wp-json\/wp\/v2\/users\/1"}],"replies":[{"embeddable":true,"href":"https:\/\/constantinof.ro\/en\/wp-json\/wp\/v2\/comments?post=1081"}],"version-history":[{"count":22,"href":"https:\/\/constantinof.ro\/en\/wp-json\/wp\/v2\/pages\/1081\/revisions"}],"predecessor-version":[{"id":1690,"href":"https:\/\/constantinof.ro\/en\/wp-json\/wp\/v2\/pages\/1081\/revisions\/1690"}],"up":[{"embeddable":true,"href":"https:\/\/constantinof.ro\/en\/wp-json\/wp\/v2\/pages\/1069"}],"wp:attachment":[{"href":"https:\/\/constantinof.ro\/en\/wp-json\/wp\/v2\/media?parent=1081"}],"curies":[{"name":"wp","href":"https:\/\/api.w.org\/{rel}","templated":true}]}}