{"id":1087,"date":"2024-10-30T16:16:16","date_gmt":"2024-10-30T14:16:16","guid":{"rendered":"https:\/\/constantinof.ro\/?page_id=1087"},"modified":"2024-11-15T13:59:25","modified_gmt":"2024-11-15T11:59:25","slug":"insolventa-reorganizare","status":"publish","type":"page","link":"https:\/\/constantinof.ro\/en\/competente\/insolventa-reorganizare\/","title":{"rendered":"Insolven\u021b\u0103. Reorganizare"},"content":{"rendered":"<div data-elementor-type=\"wp-page\" data-elementor-id=\"1087\" class=\"elementor elementor-1087\" data-elementor-post-type=\"page\">\n\t\t\t\t\t\t<section class=\"elementor-section elementor-top-section elementor-element elementor-element-119a1be elementor-section-stretched elementor-section-full_width elementor-section-height-min-height elementor-section-items-stretch elementor-section-height-default wpr-particle-no wpr-jarallax-no wpr-parallax-no wpr-sticky-section-no\" data-id=\"119a1be\" data-element_type=\"section\" data-e-type=\"section\" data-settings=\"{&quot;stretch_section&quot;:&quot;section-stretched&quot;,&quot;background_background&quot;:&quot;classic&quot;}\">\n\t\t\t\t\t\t<div class=\"elementor-container elementor-column-gap-default\">\n\t\t\t\t\t<div class=\"elementor-column elementor-col-100 elementor-top-column elementor-element elementor-element-1157a53\" data-id=\"1157a53\" data-element_type=\"column\" data-e-type=\"column\" data-settings=\"{&quot;background_background&quot;:&quot;classic&quot;}\">\n\t\t\t<div class=\"elementor-widget-wrap elementor-element-populated\">\n\t\t\t\t\t\t<div class=\"elementor-element elementor-element-3aa4b47 elementor-widget elementor-widget-spacer\" data-id=\"3aa4b47\" data-element_type=\"widget\" data-e-type=\"widget\" data-widget_type=\"spacer.default\">\n\t\t\t\t\t\t\t<div class=\"elementor-spacer\">\n\t\t\t<div class=\"elementor-spacer-inner\"><\/div>\n\t\t<\/div>\n\t\t\t\t\t\t<\/div>\n\t\t\t\t\t<\/div>\n\t\t<\/div>\n\t\t\t\t\t<\/div>\n\t\t<\/section>\n\t\t\t\t<section class=\"elementor-section elementor-top-section elementor-element elementor-element-e49c116 elementor-section-boxed elementor-section-height-default elementor-section-height-default wpr-particle-no wpr-jarallax-no wpr-parallax-no wpr-sticky-section-no\" data-id=\"e49c116\" data-element_type=\"section\" data-e-type=\"section\" data-settings=\"{&quot;background_background&quot;:&quot;classic&quot;}\">\n\t\t\t\t\t\t<div class=\"elementor-container elementor-column-gap-default\">\n\t\t\t\t\t<div class=\"elementor-column elementor-col-100 elementor-top-column elementor-element elementor-element-9877a42\" data-id=\"9877a42\" data-element_type=\"column\" data-e-type=\"column\">\n\t\t\t<div class=\"elementor-widget-wrap elementor-element-populated\">\n\t\t\t\t\t\t<div class=\"elementor-element elementor-element-cc7b456 elementor-invisible elementor-widget elementor-widget-heading\" data-id=\"cc7b456\" data-element_type=\"widget\" data-e-type=\"widget\" data-settings=\"{&quot;_animation&quot;:&quot;fadeInRight&quot;,&quot;_animation_delay&quot;:200,&quot;_animation_mobile&quot;:&quot;none&quot;}\" data-widget_type=\"heading.default\">\n\t\t\t\t\t<p class=\"elementor-heading-title elementor-size-default\">- Practice areas -<\/p>\t\t\t\t<\/div>\n\t\t\t\t<div class=\"elementor-element elementor-element-ec73a77 elementor-widget-divider--view-line elementor-invisible elementor-widget elementor-widget-divider\" data-id=\"ec73a77\" data-element_type=\"widget\" data-e-type=\"widget\" data-settings=\"{&quot;_animation&quot;:&quot;fadeInUp&quot;,&quot;_animation_mobile&quot;:&quot;none&quot;}\" data-widget_type=\"divider.default\">\n\t\t\t\t\t\t\t<div class=\"elementor-divider\">\n\t\t\t<span class=\"elementor-divider-separator\">\n\t\t\t\t\t\t<\/span>\n\t\t<\/div>\n\t\t\t\t\t\t<\/div>\n\t\t\t\t<div class=\"elementor-element elementor-element-add9ef1 elementor-invisible elementor-widget elementor-widget-heading\" data-id=\"add9ef1\" data-element_type=\"widget\" data-e-type=\"widget\" data-settings=\"{&quot;_animation&quot;:&quot;fadeInRight&quot;,&quot;_animation_delay&quot;:300,&quot;_animation_mobile&quot;:&quot;none&quot;}\" data-widget_type=\"heading.default\">\n\t\t\t\t\t<h1 class=\"elementor-heading-title elementor-size-default\">INSOLVENCY. RESTRUCTURING<\/h1>\t\t\t\t<\/div>\n\t\t\t\t\t<\/div>\n\t\t<\/div>\n\t\t\t\t\t<\/div>\n\t\t<\/section>\n\t\t\t\t<section class=\"elementor-section elementor-top-section elementor-element elementor-element-fe2c032 elementor-section-height-min-height elementor-section-boxed elementor-section-height-default elementor-section-items-middle wpr-particle-no wpr-jarallax-no wpr-parallax-no wpr-sticky-section-no\" data-id=\"fe2c032\" data-element_type=\"section\" data-e-type=\"section\" data-settings=\"{&quot;background_background&quot;:&quot;classic&quot;}\">\n\t\t\t\t\t\t\t<div class=\"elementor-background-overlay\"><\/div>\n\t\t\t\t\t\t\t<div class=\"elementor-container elementor-column-gap-default\">\n\t\t\t\t\t<div class=\"elementor-column elementor-col-100 elementor-top-column elementor-element elementor-element-335bfa1 elementor-invisible\" data-id=\"335bfa1\" data-element_type=\"column\" data-e-type=\"column\" data-settings=\"{&quot;animation&quot;:&quot;fadeInUp&quot;}\">\n\t\t\t<div class=\"elementor-widget-wrap elementor-element-populated\">\n\t\t\t\t\t\t<div class=\"elementor-element elementor-element-92dffeb elementor-drop-cap-yes elementor-drop-cap-view-default elementor-widget elementor-widget-text-editor\" data-id=\"92dffeb\" data-element_type=\"widget\" data-e-type=\"widget\" data-settings=\"{&quot;drop_cap&quot;:&quot;yes&quot;}\" data-widget_type=\"text-editor.default\">\n\t\t\t\t\t\t\t\t\t<p><span style=\"font-weight: 400;\">Constantinof &amp; Asocia\u021bii successfully provides legal assistance both to debtors and creditors facing insolvency connected issues.\u00a0\u00a0<\/span><\/p><p><span style=\"font-weight: 400;\">The experience, the in-depth understanding of this procedure allow us to assist clients from various sectors of activity, advising them regarding the legal evaluation of their options for debt recovery and reorganization, identifying opportunities for capitalizing the benefit of guarantees, securing the creditor\u2019s debt collection following the liquidation of the debtor\u2019s assets, as well as assistance and representation in judicial insolvency proceedings.<\/span><\/p>\t\t\t\t\t\t\t\t<\/div>\n\t\t\t\t\t<\/div>\n\t\t<\/div>\n\t\t\t\t\t<\/div>\n\t\t<\/section>\n\t\t\t\t<\/div>","protected":false},"excerpt":{"rendered":"<p>&#8211; Domenii de competen\u021b\u0103 &#8211; INSOLVEN\u021a\u0102. REORGANIZARE Constantinof &amp; Asocia\u021bii asigur\u0103 cu succes asisten\u021b\u0103 juridic\u0103 debitorilor \u0219i creditorilor ce se confrunt\u0103 cu probleme legate de insolven\u021b\u0103.\u00a0\u00a0 Experien\u021ba, \u00een\u021belegerea aprofundat\u0103 a acestei proceduri ne permit s\u0103 asist\u0103m clien\u021bi din sectoare de activitate variate, consiliindu-i \u00een leg\u0103tur\u0103 cu evaluarea juridic\u0103 a op\u021biunilor pentru recuperarea crean\u021belor \u0219i reorganizare, identificarea oportunit\u0103\u021bilor de valorificare a beneficiului garan\u021biilor, asigurarea \u00eencas\u0103rii crean\u021belor creditorului \u00een urma lichid\u0103rii bunurilor debitorului, precum \u0219i asisten\u021b\u0103 \u0219i reprezentare \u00een procedurile judiciare de insolven\u021b\u0103.<\/p>","protected":false},"author":1,"featured_media":0,"parent":1069,"menu_order":7,"comment_status":"closed","ping_status":"closed","template":"","meta":{"footnotes":""},"class_list":["post-1087","page","type-page","status-publish","hentry"],"_links":{"self":[{"href":"https:\/\/constantinof.ro\/en\/wp-json\/wp\/v2\/pages\/1087","targetHints":{"allow":["GET"]}}],"collection":[{"href":"https:\/\/constantinof.ro\/en\/wp-json\/wp\/v2\/pages"}],"about":[{"href":"https:\/\/constantinof.ro\/en\/wp-json\/wp\/v2\/types\/page"}],"author":[{"embeddable":true,"href":"https:\/\/constantinof.ro\/en\/wp-json\/wp\/v2\/users\/1"}],"replies":[{"embeddable":true,"href":"https:\/\/constantinof.ro\/en\/wp-json\/wp\/v2\/comments?post=1087"}],"version-history":[{"count":16,"href":"https:\/\/constantinof.ro\/en\/wp-json\/wp\/v2\/pages\/1087\/revisions"}],"predecessor-version":[{"id":1597,"href":"https:\/\/constantinof.ro\/en\/wp-json\/wp\/v2\/pages\/1087\/revisions\/1597"}],"up":[{"embeddable":true,"href":"https:\/\/constantinof.ro\/en\/wp-json\/wp\/v2\/pages\/1069"}],"wp:attachment":[{"href":"https:\/\/constantinof.ro\/en\/wp-json\/wp\/v2\/media?parent=1087"}],"curies":[{"name":"wp","href":"https:\/\/api.w.org\/{rel}","templated":true}]}}