{"id":1089,"date":"2024-10-30T16:16:39","date_gmt":"2024-10-30T14:16:39","guid":{"rendered":"https:\/\/constantinof.ro\/?page_id=1089"},"modified":"2024-11-15T14:01:53","modified_gmt":"2024-11-15T12:01:53","slug":"energie","status":"publish","type":"page","link":"https:\/\/constantinof.ro\/en\/competente\/energie\/","title":{"rendered":"Energie"},"content":{"rendered":"<div data-elementor-type=\"wp-page\" data-elementor-id=\"1089\" class=\"elementor elementor-1089\" data-elementor-post-type=\"page\">\n\t\t\t\t\t\t<section class=\"elementor-section elementor-top-section elementor-element elementor-element-4e2ca63 elementor-section-stretched elementor-section-full_width elementor-section-height-min-height elementor-section-items-stretch elementor-section-height-default wpr-particle-no wpr-jarallax-no wpr-parallax-no wpr-sticky-section-no\" data-id=\"4e2ca63\" data-element_type=\"section\" data-e-type=\"section\" data-settings=\"{&quot;stretch_section&quot;:&quot;section-stretched&quot;,&quot;background_background&quot;:&quot;classic&quot;}\">\n\t\t\t\t\t\t<div class=\"elementor-container elementor-column-gap-default\">\n\t\t\t\t\t<div class=\"elementor-column elementor-col-100 elementor-top-column elementor-element elementor-element-529f217\" data-id=\"529f217\" data-element_type=\"column\" data-e-type=\"column\" data-settings=\"{&quot;background_background&quot;:&quot;classic&quot;}\">\n\t\t\t<div class=\"elementor-widget-wrap elementor-element-populated\">\n\t\t\t\t\t\t<div class=\"elementor-element elementor-element-eaf327e elementor-widget elementor-widget-spacer\" data-id=\"eaf327e\" data-element_type=\"widget\" data-e-type=\"widget\" data-widget_type=\"spacer.default\">\n\t\t\t\t\t\t\t<div class=\"elementor-spacer\">\n\t\t\t<div class=\"elementor-spacer-inner\"><\/div>\n\t\t<\/div>\n\t\t\t\t\t\t<\/div>\n\t\t\t\t\t<\/div>\n\t\t<\/div>\n\t\t\t\t\t<\/div>\n\t\t<\/section>\n\t\t\t\t<section class=\"elementor-section elementor-top-section elementor-element elementor-element-7605c0a elementor-section-boxed elementor-section-height-default elementor-section-height-default wpr-particle-no wpr-jarallax-no wpr-parallax-no wpr-sticky-section-no\" data-id=\"7605c0a\" data-element_type=\"section\" data-e-type=\"section\" data-settings=\"{&quot;background_background&quot;:&quot;classic&quot;}\">\n\t\t\t\t\t\t<div class=\"elementor-container elementor-column-gap-default\">\n\t\t\t\t\t<div class=\"elementor-column elementor-col-100 elementor-top-column elementor-element elementor-element-ea3c74a\" data-id=\"ea3c74a\" data-element_type=\"column\" data-e-type=\"column\">\n\t\t\t<div class=\"elementor-widget-wrap elementor-element-populated\">\n\t\t\t\t\t\t<div class=\"elementor-element elementor-element-b35ae05 elementor-invisible elementor-widget elementor-widget-heading\" data-id=\"b35ae05\" data-element_type=\"widget\" data-e-type=\"widget\" data-settings=\"{&quot;_animation&quot;:&quot;fadeInRight&quot;,&quot;_animation_delay&quot;:200,&quot;_animation_mobile&quot;:&quot;none&quot;}\" data-widget_type=\"heading.default\">\n\t\t\t\t\t<p class=\"elementor-heading-title elementor-size-default\">- Practice areas -<\/p>\t\t\t\t<\/div>\n\t\t\t\t<div class=\"elementor-element elementor-element-8c69d5a elementor-widget-divider--view-line elementor-invisible elementor-widget elementor-widget-divider\" data-id=\"8c69d5a\" data-element_type=\"widget\" data-e-type=\"widget\" data-settings=\"{&quot;_animation&quot;:&quot;fadeInUp&quot;,&quot;_animation_mobile&quot;:&quot;none&quot;}\" data-widget_type=\"divider.default\">\n\t\t\t\t\t\t\t<div class=\"elementor-divider\">\n\t\t\t<span class=\"elementor-divider-separator\">\n\t\t\t\t\t\t<\/span>\n\t\t<\/div>\n\t\t\t\t\t\t<\/div>\n\t\t\t\t<div class=\"elementor-element elementor-element-56cc74d elementor-invisible elementor-widget elementor-widget-heading\" data-id=\"56cc74d\" data-element_type=\"widget\" data-e-type=\"widget\" data-settings=\"{&quot;_animation&quot;:&quot;fadeInRight&quot;,&quot;_animation_delay&quot;:300,&quot;_animation_mobile&quot;:&quot;none&quot;}\" data-widget_type=\"heading.default\">\n\t\t\t\t\t<h1 class=\"elementor-heading-title elementor-size-default\">ENERGY<\/h1>\t\t\t\t<\/div>\n\t\t\t\t\t<\/div>\n\t\t<\/div>\n\t\t\t\t\t<\/div>\n\t\t<\/section>\n\t\t\t\t<section class=\"elementor-section elementor-top-section elementor-element elementor-element-a218b80 elementor-section-height-min-height elementor-section-boxed elementor-section-height-default elementor-section-items-middle wpr-particle-no wpr-jarallax-no wpr-parallax-no wpr-sticky-section-no\" data-id=\"a218b80\" data-element_type=\"section\" data-e-type=\"section\" data-settings=\"{&quot;background_background&quot;:&quot;classic&quot;}\">\n\t\t\t\t\t\t\t<div class=\"elementor-background-overlay\"><\/div>\n\t\t\t\t\t\t\t<div class=\"elementor-container elementor-column-gap-default\">\n\t\t\t\t\t<div class=\"elementor-column elementor-col-100 elementor-top-column elementor-element elementor-element-439f202 elementor-invisible\" data-id=\"439f202\" data-element_type=\"column\" data-e-type=\"column\" data-settings=\"{&quot;animation&quot;:&quot;fadeInUp&quot;}\">\n\t\t\t<div class=\"elementor-widget-wrap elementor-element-populated\">\n\t\t\t\t\t\t<div class=\"elementor-element elementor-element-ec69dc1 elementor-drop-cap-yes elementor-drop-cap-view-default elementor-widget elementor-widget-text-editor\" data-id=\"ec69dc1\" data-element_type=\"widget\" data-e-type=\"widget\" data-settings=\"{&quot;drop_cap&quot;:&quot;yes&quot;}\" data-widget_type=\"text-editor.default\">\n\t\t\t\t\t\t\t\t\t<p><span style=\"font-weight: 400;\">Constantinof &amp; Associa\u021bii offers legal advice on investments in conventional and renewable energy.\u00a0<\/span><\/p><p><span style=\"font-weight: 400;\">We are proud of our involvement in projects related to the construction of photovoltaic and wind energy capacities, with notable results including in the event of disputes with the regulatory authorities.<\/span><\/p>\t\t\t\t\t\t\t\t<\/div>\n\t\t\t\t\t<\/div>\n\t\t<\/div>\n\t\t\t\t\t<\/div>\n\t\t<\/section>\n\t\t\t\t<\/div>","protected":false},"excerpt":{"rendered":"<p>&#8211; Domenii de competen\u021b\u0103 &#8211; ENERGIE Constantinof &amp; Asocia\u0163ii ofer\u0103 consiliere juridic\u0103 \u00een materia investi\u021biilor \u00een energie conven\u021bional\u0103 \u0219i regenerabil\u0103.\u00a0 Ne m\u00e2ndrim cu implicarea \u00een proiecte privind construirea de capacit\u0103\u021bi energetice fotovoltaice \u0219i eoliene, cu rezultate notabile inclusiv \u00een situa\u021bia unor litigii cu autorit\u0103\u021bile de reglementare.<\/p>","protected":false},"author":1,"featured_media":0,"parent":1069,"menu_order":8,"comment_status":"closed","ping_status":"closed","template":"","meta":{"footnotes":""},"class_list":["post-1089","page","type-page","status-publish","hentry"],"_links":{"self":[{"href":"https:\/\/constantinof.ro\/en\/wp-json\/wp\/v2\/pages\/1089","targetHints":{"allow":["GET"]}}],"collection":[{"href":"https:\/\/constantinof.ro\/en\/wp-json\/wp\/v2\/pages"}],"about":[{"href":"https:\/\/constantinof.ro\/en\/wp-json\/wp\/v2\/types\/page"}],"author":[{"embeddable":true,"href":"https:\/\/constantinof.ro\/en\/wp-json\/wp\/v2\/users\/1"}],"replies":[{"embeddable":true,"href":"https:\/\/constantinof.ro\/en\/wp-json\/wp\/v2\/comments?post=1089"}],"version-history":[{"count":13,"href":"https:\/\/constantinof.ro\/en\/wp-json\/wp\/v2\/pages\/1089\/revisions"}],"predecessor-version":[{"id":1600,"href":"https:\/\/constantinof.ro\/en\/wp-json\/wp\/v2\/pages\/1089\/revisions\/1600"}],"up":[{"embeddable":true,"href":"https:\/\/constantinof.ro\/en\/wp-json\/wp\/v2\/pages\/1069"}],"wp:attachment":[{"href":"https:\/\/constantinof.ro\/en\/wp-json\/wp\/v2\/media?parent=1089"}],"curies":[{"name":"wp","href":"https:\/\/api.w.org\/{rel}","templated":true}]}}