{"id":1172,"date":"2024-10-30T17:36:00","date_gmt":"2024-10-30T15:36:00","guid":{"rendered":"https:\/\/constantinof.ro\/?page_id=1172"},"modified":"2024-11-19T13:36:57","modified_gmt":"2024-11-19T11:36:57","slug":"politica-cookies","status":"publish","type":"page","link":"https:\/\/constantinof.ro\/en\/politica-cookies\/","title":{"rendered":"Cookies policy"},"content":{"rendered":"<div data-elementor-type=\"wp-page\" data-elementor-id=\"1172\" class=\"elementor elementor-1172\" data-elementor-post-type=\"page\">\n\t\t\t\t\t\t<section class=\"elementor-section elementor-top-section elementor-element elementor-element-7b2e4219 elementor-section-boxed elementor-section-height-default elementor-section-height-default wpr-particle-no wpr-jarallax-no wpr-parallax-no wpr-sticky-section-no\" data-id=\"7b2e4219\" data-element_type=\"section\" data-e-type=\"section\">\n\t\t\t\t\t\t\t<div class=\"elementor-background-overlay\"><\/div>\n\t\t\t\t\t\t\t<div class=\"elementor-container elementor-column-gap-default\">\n\t\t\t\t\t<div class=\"elementor-column elementor-col-100 elementor-top-column elementor-element elementor-element-1c092da9\" data-id=\"1c092da9\" data-element_type=\"column\" data-e-type=\"column\" data-settings=\"{&quot;background_background&quot;:&quot;classic&quot;}\">\n\t\t\t<div class=\"elementor-widget-wrap elementor-element-populated\">\n\t\t\t\t\t\t<div class=\"elementor-element elementor-element-defe0a2 elementor-widget elementor-widget-heading\" data-id=\"defe0a2\" data-element_type=\"widget\" data-e-type=\"widget\" data-settings=\"{&quot;_animation&quot;:&quot;none&quot;,&quot;_animation_delay&quot;:300}\" data-widget_type=\"heading.default\">\n\t\t\t\t\t<h1 class=\"elementor-heading-title elementor-size-default\">Cookies policy<\/h1>\t\t\t\t<\/div>\n\t\t\t\t<div class=\"elementor-element elementor-element-a87e4f5 elementor-widget elementor-widget-text-editor\" data-id=\"a87e4f5\" data-element_type=\"widget\" data-e-type=\"widget\" data-widget_type=\"text-editor.default\">\n\t\t\t\t\t\t\t\t\t<p><span style=\"font-weight: 400;\">We inform you that <\/span><a href=\"https:\/\/constantinof.ro\/en\/\"><span style=\"font-weight: 400;\">www.constantinof.ro<\/span><\/a><span style=\"font-weight: 400;\">, like most websites, uses cookies.<\/span><\/p><p><span style=\"font-weight: 400;\">Cookies are data in an industrial standardized format that a web page transfers to your computer, temporarily, to allow adaptation of the content to the user. For this purpose, cookies collect information about your online behavior. Cookies are stored for a specific period.<\/span><\/p><p><span style=\"font-weight: 400;\">We use automated cookies for browser settings and plugins, in order to improve the browsing experience of the site. We do not use Google Analytics, Google AdSense or other monitoring tools.\u00a0<\/span><\/p><p><span style=\"font-weight: 400;\">All cookies used by the website <\/span><a href=\"https:\/\/constantinof.ro\/en\/\"><span style=\"font-weight: 400;\">www.constantinof.ro<\/span><\/a><span style=\"font-weight: 400;\"> are stored locally and are not shared with any third party. We do not monitor the behavior of users on the website, nor the pages they access, nor the domains of interest.<\/span><\/p><p><span style=\"font-weight: 400;\">If you do not want cookies, all browsers allow disabling their use, as well as deleting the existing ones. The \"help\" section of your browser contains exact instructions on how to disable\/delete cookies.<\/span><\/p><p><span style=\"font-weight: 400;\">Here are instructions on cookie settings for the most used browsers:\u00a0<\/span><a href=\"https:\/\/support.google.com\/chrome\/answer\/95647?hl=en\"><span style=\"font-weight: 400;\">Chrome<\/span><\/a><span style=\"font-weight: 400;\">\u00a0|\u00a0<\/span><a href=\"https:\/\/support.mozilla.org\/ro\/kb\/cookie-urile?redirectlocale=en-EN&amp;redirectslug=Cookies#w_setlcrile-pentru-cookie-uri\"><span style=\"font-weight: 400;\">Firefox<\/span><\/a><span style=\"font-weight: 400;\">\u00a0|\u00a0<\/span><a href=\"https:\/\/support.microsoft.com\/en-us\/windows\/manage-cookies-in-microsoft-edge-view-allow-block-delete-and-use-168dab11-0753-043d-7c16-ede5947fc64d\"><span style=\"font-weight: 400;\">Internet Explorer<\/span><\/a><span style=\"font-weight: 400;\">\u00a0|\u00a0<\/span><a href=\"https:\/\/help.opera.com\/en\/latest\/web-preferences\/#cookies\"><span style=\"font-weight: 400;\">Opera<\/span><\/a><span style=\"font-weight: 400;\">\u00a0|\u00a0<\/span><a href=\"https:\/\/support.apple.com\/ro-ro\/guide\/safari\/manage-cookies-and-website-data-sfri11471\/mac\"><span style=\"font-weight: 400;\">Safari<\/span><\/a><\/p>\t\t\t\t\t\t\t\t<\/div>\n\t\t\t\t\t<\/div>\n\t\t<\/div>\n\t\t\t\t\t<\/div>\n\t\t<\/section>\n\t\t\t\t<\/div>","protected":false},"excerpt":{"rendered":"<p>Politica cookies V\u0103 inform\u0103m c\u0103 www.constantinof.ro, la fel ca \u0219i majoritatea website-urilor, folose\u0219te cookies. Cookies sunt date \u00eentr-un standard industrial pe care o pagin\u0103 web le transfer\u0103 pe computerul dumneavoastr\u0103, temporar, pentru a permite adaptarea con\u021binutului la utilizator. \u00cen acest scop, cookies colecteaz\u0103 informa\u021bii cu privire la comportamentul dumneavoastr\u0103 online. Cookies sunt stocate pentru o perioad\u0103 determinat\u0103. Noi utiliz\u0103m cookies automatizate pentru set\u0103rile browser-ului \u0219i plugin-uri, \u00een scopul \u00eembun\u0103t\u0103\u021birii experien\u021bei de navigare a site-ului. Nu folosim serviciile Google Analytics, Google AdSense sau alte unelte de monitorizare.\u00a0 Toate cookies utilizate de website-ul www.constantinof.ro sunt stocate local \u0219i nu sunt \u00eemp\u0103rt\u0103\u0219ite cu niciun ter\u021b. Nu monitoriz\u0103m nici comportamentul utilizatorilor pe website, nici paginile pe care le acceseaz\u0103 \u0219i nici domeniile de interes. Dac\u0103 nu dori\u021bi cookies, toate browserele permit dezactivarea utiliz\u0103rii lor, precum \u0219i \u0219tergerea celor existente. Sec\u021biunea \u201eajutor\u201d a browser-ului dumneavoastr\u0103 con\u021bine instruc\u021biuni exacte cu privire la modul \u00een care trebuie s\u0103 proceda\u021bi pentru a dezactiva\/\u0219terge cookies. Iat\u0103 aici instruc\u021biuni cu privire la set\u0103rile cookies pentru cele mai utilizate browsere:\u00a0Chrome\u00a0|\u00a0Firefox\u00a0|\u00a0Internet Explorer\u00a0|\u00a0Opera\u00a0|\u00a0Safari<\/p>","protected":false},"author":1,"featured_media":0,"parent":0,"menu_order":0,"comment_status":"closed","ping_status":"closed","template":"","meta":{"footnotes":""},"class_list":["post-1172","page","type-page","status-publish","hentry"],"_links":{"self":[{"href":"https:\/\/constantinof.ro\/en\/wp-json\/wp\/v2\/pages\/1172","targetHints":{"allow":["GET"]}}],"collection":[{"href":"https:\/\/constantinof.ro\/en\/wp-json\/wp\/v2\/pages"}],"about":[{"href":"https:\/\/constantinof.ro\/en\/wp-json\/wp\/v2\/types\/page"}],"author":[{"embeddable":true,"href":"https:\/\/constantinof.ro\/en\/wp-json\/wp\/v2\/users\/1"}],"replies":[{"embeddable":true,"href":"https:\/\/constantinof.ro\/en\/wp-json\/wp\/v2\/comments?post=1172"}],"version-history":[{"count":28,"href":"https:\/\/constantinof.ro\/en\/wp-json\/wp\/v2\/pages\/1172\/revisions"}],"predecessor-version":[{"id":1722,"href":"https:\/\/constantinof.ro\/en\/wp-json\/wp\/v2\/pages\/1172\/revisions\/1722"}],"wp:attachment":[{"href":"https:\/\/constantinof.ro\/en\/wp-json\/wp\/v2\/media?parent=1172"}],"curies":[{"name":"wp","href":"https:\/\/api.w.org\/{rel}","templated":true}]}}