{"id":987,"date":"2024-10-30T14:54:27","date_gmt":"2024-10-30T12:54:27","guid":{"rendered":"https:\/\/constantinof.ro\/?page_id=987"},"modified":"2024-11-15T12:29:27","modified_gmt":"2024-11-15T10:29:27","slug":"valentin-constantinof","status":"publish","type":"page","link":"https:\/\/constantinof.ro\/en\/echipa\/valentin-constantinof\/","title":{"rendered":"Valentin Constantinof"},"content":{"rendered":"<div data-elementor-type=\"wp-page\" data-elementor-id=\"987\" class=\"elementor elementor-987\" data-elementor-post-type=\"page\">\n\t\t\t\t\t\t<section class=\"elementor-section elementor-top-section elementor-element elementor-element-49534c3b elementor-reverse-tablet elementor-reverse-mobile elementor-section-boxed elementor-section-height-default elementor-section-height-default wpr-particle-no wpr-jarallax-no wpr-parallax-no wpr-sticky-section-no\" data-id=\"49534c3b\" data-element_type=\"section\" data-e-type=\"section\" data-settings=\"{&quot;background_background&quot;:&quot;classic&quot;}\">\n\t\t\t\t\t\t\t<div class=\"elementor-background-overlay\"><\/div>\n\t\t\t\t\t\t\t<div class=\"elementor-container elementor-column-gap-no\">\n\t\t\t\t\t<div class=\"elementor-column elementor-col-50 elementor-top-column elementor-element elementor-element-350cd93e\" data-id=\"350cd93e\" data-element_type=\"column\" data-e-type=\"column\" data-settings=\"{&quot;background_background&quot;:&quot;classic&quot;}\">\n\t\t\t<div class=\"elementor-widget-wrap elementor-element-populated\">\n\t\t\t\t\t<div class=\"elementor-background-overlay\"><\/div>\n\t\t\t\t\t\t<div class=\"elementor-element elementor-element-b855136 elementor-widget elementor-widget-heading\" data-id=\"b855136\" data-element_type=\"widget\" data-e-type=\"widget\" data-widget_type=\"heading.default\">\n\t\t\t\t\t<h4 class=\"elementor-heading-title elementor-size-default\">Valentin Constantinof<\/h4>\t\t\t\t<\/div>\n\t\t\t\t<div class=\"elementor-element elementor-element-e53077a elementor-widget elementor-widget-text-editor\" data-id=\"e53077a\" data-element_type=\"widget\" data-e-type=\"widget\" data-widget_type=\"text-editor.default\">\n\t\t\t\t\t\t\t\t\t<p><span style=\"font-weight: 400;\">Managing partner<\/span><\/p>\t\t\t\t\t\t\t\t<\/div>\n\t\t\t\t<div class=\"elementor-element elementor-element-3e6ca830 elementor-tablet-align-start elementor-mobile-align-start elementor-align-start elementor-icon-list--layout-traditional elementor-list-item-link-full_width elementor-widget elementor-widget-icon-list\" data-id=\"3e6ca830\" data-element_type=\"widget\" data-e-type=\"widget\" data-widget_type=\"icon-list.default\">\n\t\t\t\t\t\t\t<ul class=\"elementor-icon-list-items\">\n\t\t\t\t\t\t\t<li class=\"elementor-icon-list-item\">\n\t\t\t\t\t\t\t\t\t\t\t<span class=\"elementor-icon-list-icon\">\n\t\t\t\t\t\t\t<svg aria-hidden=\"true\" class=\"e-font-icon-svg e-fas-cube\" viewbox=\"0 0 512 512\" xmlns=\"http:\/\/www.w3.org\/2000\/svg\"><path d=\"M239.1 6.3l-208 78c-18.7 7-31.1 25-31.1 45v225.1c0 18.2 10.3 34.8 26.5 42.9l208 104c13.5 6.8 29.4 6.8 42.9 0l208-104c16.3-8.1 26.5-24.8 26.5-42.9V129.3c0-20-12.4-37.9-31.1-44.9l-208-78C262 2.2 250 2.2 239.1 6.3zM256 68.4l192 72v1.1l-192 78-192-78v-1.1l192-72zm32 356V275.5l160-65v133.9l-160 80z\"><\/path><\/svg>\t\t\t\t\t\t<\/span>\n\t\t\t\t\t\t\t\t\t\t<span class=\"elementor-icon-list-text\">valentin.constantinof@constantinof.ro<\/span>\n\t\t\t\t\t\t\t\t\t<\/li>\n\t\t\t\t\t\t<\/ul>\n\t\t\t\t\t\t<\/div>\n\t\t\t\t<div class=\"elementor-element elementor-element-68f70447 elementor-widget elementor-widget-text-editor\" data-id=\"68f70447\" data-element_type=\"widget\" data-e-type=\"widget\" data-widget_type=\"text-editor.default\">\n\t\t\t\t\t\t\t\t\t<p><span style=\"font-weight: 400;\">Valentin Constantinof is our managing partner.<\/span><\/p><p><span style=\"font-weight: 400;\">He provides successful legal assistance and representation both before courts of law or arbitration courts for high profile local and international clients on a wide range of complex cases.<\/span><\/p><p><span style=\"font-weight: 400;\">Valentin has extensive expertise in civil and corporate law, real estate law, administrative and urban planning law, bankruptcy&amp;restructuring and public procurement proceedings, energy projects, gambling law legal issues, as well as in claiming important assets seized by the state during communist period.<\/span><\/p><p><span style=\"font-weight: 400;\">Striving at every level of his interactions with the clients to develop relationships built on trust and mutual respect, Valentin always acts to the highest professional standards to provide clients the legal resources that best respond their particular needs.<\/span><\/p><p><span style=\"font-weight: 400;\">Valentin graduated from the Faculty of Law, University of Bucharest in 1999 and is member of the Bucharest Bar and of the Romanian Bar Association.<\/span><\/p><p><span style=\"font-weight: 400;\">Speaks English fluently.<\/span><\/p>\t\t\t\t\t\t\t\t<\/div>\n\t\t\t\t\t<\/div>\n\t\t<\/div>\n\t\t\t\t<div class=\"elementor-column elementor-col-50 elementor-top-column elementor-element elementor-element-205e2721\" data-id=\"205e2721\" data-element_type=\"column\" data-e-type=\"column\" data-settings=\"{&quot;background_background&quot;:&quot;classic&quot;}\">\n\t\t\t<div class=\"elementor-widget-wrap elementor-element-populated\">\n\t\t\t\t\t\t<div class=\"elementor-element elementor-element-3d938a89 elementor-invisible elementor-widget elementor-widget-spacer\" data-id=\"3d938a89\" data-element_type=\"widget\" data-e-type=\"widget\" data-settings=\"{&quot;_animation&quot;:&quot;fadeIn&quot;}\" data-widget_type=\"spacer.default\">\n\t\t\t\t\t\t\t<div class=\"elementor-spacer\">\n\t\t\t<div class=\"elementor-spacer-inner\"><\/div>\n\t\t<\/div>\n\t\t\t\t\t\t<\/div>\n\t\t\t\t\t<\/div>\n\t\t<\/div>\n\t\t\t\t\t<\/div>\n\t\t<\/section>\n\t\t\t\t<\/div>","protected":false},"excerpt":{"rendered":"<p>Valentin Constantinof Managing partner valentin.constantinof@constantinof.ro Valentin Constantinof este avocatul coordonator al societ\u0103\u021bii noastre. El ofer\u0103 asisten\u021b\u0103 juridic\u0103 de succes \u0219i reprezentare at\u00e2t \u00een fa\u021ba instan\u021belor de judecat\u0103, c\u00e2t \u0219i \u0219i a cur\u021bilor de arbitraj, pentru clien\u021bii locali \u0219i interna\u021bionali, \u00eentr-o gam\u0103 larg\u0103 de cazuri complexe. Valentin are o vast\u0103 experien\u021b\u0103 profesional\u0103 \u00een domeniul dreptului civil \u0219i societar, \u00een domeniul imobiliar, al dreptului administrativ \u0219i urbanismului, procedurile de insolven\u021b\u0103 &amp; restructurare \u0219i de achizi\u021bii publice, \u00een proiecte din domeniul energiei, \u00een domeniul jocurilor de noroc, precum \u0219i \u00een revendicarea unor importante bunuri confiscate de stat \u00een perioada comunist\u0103. Str\u0103duindu-se la fiecare nivel al interac\u021biunilor sale cu clien\u021bii pentru a dezvolta rela\u021bii bazate pe \u00eencredere \u0219i respect reciproc, Valentin ac\u021bioneaz\u0103 \u00eentotdeauna la cele mai \u00eenalte standarde profesionale pentru a oferi acestora resursele juridice care r\u0103spund cel mai bine nevoilor lor specifice. Valentin a absolvit Facultatea de Drept, Universitatea din Bucure\u0219ti \u00een anul 1999 \u0219i este membru al Baroului din Bucure\u0219ti \u0219i al Uniunii Na\u021bionale a Barourilor din Rom\u00e2nia. Vorbe\u0219te fluent englez\u0103.<\/p>","protected":false},"author":1,"featured_media":0,"parent":973,"menu_order":0,"comment_status":"closed","ping_status":"closed","template":"","meta":{"footnotes":""},"class_list":["post-987","page","type-page","status-publish","hentry"],"_links":{"self":[{"href":"https:\/\/constantinof.ro\/en\/wp-json\/wp\/v2\/pages\/987","targetHints":{"allow":["GET"]}}],"collection":[{"href":"https:\/\/constantinof.ro\/en\/wp-json\/wp\/v2\/pages"}],"about":[{"href":"https:\/\/constantinof.ro\/en\/wp-json\/wp\/v2\/types\/page"}],"author":[{"embeddable":true,"href":"https:\/\/constantinof.ro\/en\/wp-json\/wp\/v2\/users\/1"}],"replies":[{"embeddable":true,"href":"https:\/\/constantinof.ro\/en\/wp-json\/wp\/v2\/comments?post=987"}],"version-history":[{"count":33,"href":"https:\/\/constantinof.ro\/en\/wp-json\/wp\/v2\/pages\/987\/revisions"}],"predecessor-version":[{"id":1547,"href":"https:\/\/constantinof.ro\/en\/wp-json\/wp\/v2\/pages\/987\/revisions\/1547"}],"up":[{"embeddable":true,"href":"https:\/\/constantinof.ro\/en\/wp-json\/wp\/v2\/pages\/973"}],"wp:attachment":[{"href":"https:\/\/constantinof.ro\/en\/wp-json\/wp\/v2\/media?parent=987"}],"curies":[{"name":"wp","href":"https:\/\/api.w.org\/{rel}","templated":true}]}}